{"id":9824,"date":"2025-08-26T14:13:18","date_gmt":"2025-08-26T12:13:18","guid":{"rendered":"https:\/\/divani1.webserveris.pro\/prece\/sweden-elite-gray\/"},"modified":"2025-08-26T14:13:18","modified_gmt":"2025-08-26T12:13:18","slug":"sweden-elite-gray","status":"publish","type":"product","link":"https:\/\/divaninr1.lv\/ru\/produkts\/sweden-elite-gray\/","title":{"rendered":"SWEDEN Elite Gray"},"content":{"rendered":"<p class=\"p1\"><b>AUDUMS:<\/b>\ud83d\udccc Ekskluz\u012bvs\u00a0premium klases bukl\u0113 audums\u00a0ar iestr\u0101d\u0101tu \u201cSMART\u201d tehnolo\u0123iju \u2013<\/p>\n<p class=\"p1\">apvieno\u00a0greznu izskatu\u00a0ar\u00a0ikdienas funkcionalit\u0101ti.<\/p>\n<p class=\"p1\">\ud83d\udccc Izgatavots no \u012bpa\u0161as\u00a0\u201cMicrofiber\u201d \u0161\u0137iedras, kas nodro\u0161ina\u00a0izcilu iztur\u012bbu, ilgnotur\u012bbu\u00a0un<\/p>\n<p class=\"p1\">pievilc\u012bbu ar\u012b p\u0113c gadiem.<\/p>\n<p class=\"p1\">\ud83d\udccc\u00a0\u201cEASY CLEAN\u201d tehnolo\u0123ija\u00a0\u2013 net\u012brumi un traipi tiek not\u012br\u012bti vien ar mitru dr\u0101nu.\ud83d\udccc\u00a0\u016adens atgr\u016bdo\u0161s p\u0101rkl\u0101jums\u00a0\u2013 \u0161\u0137idrumi neies\u016bcas audum\u0101. \ud83d\udccc Dz\u012bvnieku dro\u0161s audums.<\/p>\n<p class=\"p1\">\ud83d\udccc Ide\u0101la izv\u0113le\u00a0\u0123imen\u0113m ar b\u0113rniem vai m\u0101jdz\u012bvniekiem\u00a0\u2013 \u0113rti, dro\u0161i un ilgm\u016b\u017e\u012bgi.<\/p>\n<p class=\"p1\">\ud83d\udccc Audums ir p\u0101rsteidzo\u0161i\u00a0maigs \u0101dai, radot pat\u012bkamu taktilo pieredzi.<\/p>\n<p class=\"p1\">\ud83d\udccc\u00a0Iztur\u012bba pret nodilumu\u00a0\u2013 130\u2019000 cikli (augst\u0101k\u0101 klase).<\/p>\n<p class=\"p1\">\ud83d\udccc\u00a0P\u012blinga koeficients: 5\u00a0\u2013 maksim\u0101lais l\u012bmenis, kas garant\u0113, ka audums\u00a0neveidos<\/p>\n<p class=\"p1\">bumbi\u0146as\u00a0un saglab\u0101s reprezentablu izskatu ilgtermi\u0146\u0101.<b>\u012aPA\u0160\u012aBAS:<\/b>\ud83d\udccc<\/p>\n<p class=\"p1\">Elegants, skandin\u0101vu stila d\u012bv\u0101ns ar taisn\u0101m l\u012bnij\u0101m un harmonisku proporciju \u2013 lieliski iek\u013caujas m\u016bsdien\u012bg\u0101, gai\u0161\u0101 interjer\u0101.<\/p>\n<p class=\"p1\">\ud83d\udccc 10cm augstas k\u0101jas padara t\u012br\u012b\u0161anu zem d\u012bv\u0101na \u0113rtu un vienk\u0101r\u0161u.<\/p>\n<p class=\"p1\">\ud83d\udccc Zem s\u0113dvietas \u2013\u00a0\u013coti ietilp\u012bga ve\u013cas kaste, kas \u013cauj \u0113rti uzglab\u0101t gan segas, gan spilvenus.<\/p>\n<p class=\"p1\">\ud83d\udccc\u00a0\u012apa\u0161i m\u012bksts s\u0113deklis maksim\u0101lam relaks\u0101cijas komfortam.<\/p>\n<p class=\"p1\">\ud83d\udccc D\u012bv\u0101na karkass veidots no\u00a0dab\u012bga mas\u012bvkoka\u00a0\u2013 iztur\u012bba un stabilit\u0101te gadiem ilgi.<\/p>\n<p class=\"p1\">\ud83d\udccc Viegla izvelkam\u0101 funkcija \u2013 transform\u0101cija no d\u012bv\u0101na par gultu div\u0101s kust\u012bb\u0101s.<\/p>\n<p class=\"p1\">\ud83d\udccc Gu\u013cam\u0101 da\u013c\u0101 iestr\u0101d\u0101tas augstas kvalit\u0101tes HR putas, kas neizs\u0113\u017eas un vienm\u0113r atgrie\u017eas s\u0101kotn\u0113j\u0101 form\u0101.<\/p>\n<p class=\"p1\">\ud83d\udccc Apak\u0161\u0113j\u0101 da\u013c\u0101 \u2013\u00a0ner\u016bs\u0113jo\u0161\u0101 t\u0113rauda Zig\ud83d\udcccZag atsperes, kas nodro\u0161ina vienm\u0113r\u012bgu atbalstu\u00a0un\u00a0izcilu komfortu.<\/p>\n<p class=\"p1\">\ud83d\udccc Spilvenos \u2013 poliestera putas ar paaugstin\u0101tu elast\u012bbu \u2013 forma saglab\u0101jas ar\u012b pie intens\u012bvas lieto\u0161anas.<\/p>\n","protected":false},"excerpt":{"rendered":"<p>AUDUMS:\ud83d\udccc Ekskluz\u012bvs\u00a0premium klases bukl\u0113 audums\u00a0ar iestr\u0101d\u0101tu \u201cSMART\u201d tehnolo\u0123iju \u2013 apvieno\u00a0greznu izskatu\u00a0ar\u00a0ikdienas funkcionalit\u0101ti. \ud83d\udccc Izgatavots no \u012bpa\u0161as\u00a0\u201cMicrofiber\u201d \u0161\u0137iedras, kas nodro\u0161ina\u00a0izcilu iztur\u012bbu, ilgnotur\u012bbu\u00a0un pievilc\u012bbu ar\u012b p\u0113c gadiem. \ud83d\udccc\u00a0\u201cEASY CLEAN\u201d tehnolo\u0123ija\u00a0\u2013 net\u012brumi un traipi tiek not\u012br\u012bti vien ar mitru dr\u0101nu.\ud83d\udccc\u00a0\u016adens atgr\u016bdo\u0161s p\u0101rkl\u0101jums\u00a0\u2013 \u0161\u0137idrumi neies\u016bcas audum\u0101. \ud83d\udccc Dz\u012bvnieku dro\u0161s audums. \ud83d\udccc Ide\u0101la izv\u0113le\u00a0\u0123imen\u0113m ar b\u0113rniem vai m\u0101jdz\u012bvniekiem\u00a0\u2013 \u0113rti, dro\u0161i [&hellip;]<\/p>\n","protected":false},"featured_media":9818,"template":"","meta":{"_acf_changed":false,"inline_featured_image":false},"product_brand":[],"product_cat":[159],"product_tag":[],"class_list":{"0":"post-9824","1":"product","2":"type-product","3":"status-publish","4":"has-post-thumbnail","6":"product_cat-uglovije-divani","8":"first","9":"instock","10":"sale","11":"shipping-taxable","12":"purchasable","13":"product-type-simple"},"acf":[],"yoast_head":"<!-- This site is optimized with the Yoast SEO plugin v26.9 - https:\/\/yoast.com\/product\/yoast-seo-wordpress\/ -->\n<title>SWEDEN Elite Gray - D\u012bv\u0101ni Nr. 1<\/title>\n<meta name=\"description\" content=\"Skaties pied\u0101v\u0101jumu ar pieg\u0101di R\u012bg\u0101 un Latvij\u0101 no DivaniNr1.\" \/>\n<meta name=\"robots\" content=\"index, follow, max-snippet:-1, max-image-preview:large, max-video-preview:-1\" \/>\n<link rel=\"canonical\" href=\"https:\/\/divaninr1.lv\/ru\/produkts\/sweden-elite-gray\/\" \/>\n<meta property=\"og:locale\" content=\"ru_RU\" \/>\n<meta property=\"og:type\" content=\"article\" \/>\n<meta property=\"og:title\" content=\"SWEDEN Elite Gray - D\u012bv\u0101ni Nr. 1\" \/>\n<meta property=\"og:description\" content=\"Skaties pied\u0101v\u0101jumu ar pieg\u0101di R\u012bg\u0101 un Latvij\u0101 no DivaniNr1.\" \/>\n<meta property=\"og:url\" content=\"https:\/\/divaninr1.lv\/ru\/produkts\/sweden-elite-gray\/\" \/>\n<meta property=\"og:site_name\" content=\"D\u012bv\u0101ni Nr. 1\" \/>\n<meta property=\"og:image\" content=\"https:\/\/divaninr1.lv\/wp-content\/uploads\/Sweden_1_0e436f5c36-scaled.jpeg\" \/>\n\t<meta property=\"og:image:width\" content=\"2560\" \/>\n\t<meta property=\"og:image:height\" content=\"1707\" \/>\n\t<meta property=\"og:image:type\" content=\"image\/jpeg\" \/>\n<meta name=\"twitter:card\" content=\"summary_large_image\" \/>\n<meta name=\"twitter:label1\" content=\"\u041f\u0440\u0438\u043c\u0435\u0440\u043d\u043e\u0435 \u0432\u0440\u0435\u043c\u044f \u0434\u043b\u044f \u0447\u0442\u0435\u043d\u0438\u044f\" \/>\n\t<meta name=\"twitter:data1\" content=\"2 \u043c\u0438\u043d\u0443\u0442\u044b\" \/>\n<script type=\"application\/ld+json\" class=\"yoast-schema-graph\">{\"@context\":\"https:\/\/schema.org\",\"@graph\":[{\"@type\":\"WebPage\",\"@id\":\"https:\/\/divaninr1.lv\/ru\/produkts\/sweden-elite-gray\/\",\"url\":\"https:\/\/divaninr1.lv\/ru\/produkts\/sweden-elite-gray\/\",\"name\":\"SWEDEN Elite Gray - D\u012bv\u0101ni Nr. 1\",\"isPartOf\":{\"@id\":\"https:\/\/divaninr1.lv\/ru\/#website\"},\"primaryImageOfPage\":{\"@id\":\"https:\/\/divaninr1.lv\/ru\/produkts\/sweden-elite-gray\/#primaryimage\"},\"image\":{\"@id\":\"https:\/\/divaninr1.lv\/ru\/produkts\/sweden-elite-gray\/#primaryimage\"},\"thumbnailUrl\":\"https:\/\/divaninr1.lv\/wp-content\/uploads\/Sweden_1_0e436f5c36-scaled.jpeg\",\"datePublished\":\"2025-08-26T12:13:18+00:00\",\"description\":\"Skaties pied\u0101v\u0101jumu ar pieg\u0101di R\u012bg\u0101 un Latvij\u0101 no DivaniNr1.\",\"breadcrumb\":{\"@id\":\"https:\/\/divaninr1.lv\/ru\/produkts\/sweden-elite-gray\/#breadcrumb\"},\"inLanguage\":\"ru-RU\",\"potentialAction\":[{\"@type\":\"ReadAction\",\"target\":[\"https:\/\/divaninr1.lv\/ru\/produkts\/sweden-elite-gray\/\"]}]},{\"@type\":\"ImageObject\",\"inLanguage\":\"ru-RU\",\"@id\":\"https:\/\/divaninr1.lv\/ru\/produkts\/sweden-elite-gray\/#primaryimage\",\"url\":\"https:\/\/divaninr1.lv\/wp-content\/uploads\/Sweden_1_0e436f5c36-scaled.jpeg\",\"contentUrl\":\"https:\/\/divaninr1.lv\/wp-content\/uploads\/Sweden_1_0e436f5c36-scaled.jpeg\",\"width\":2560,\"height\":1707},{\"@type\":\"BreadcrumbList\",\"@id\":\"https:\/\/divaninr1.lv\/ru\/produkts\/sweden-elite-gray\/#breadcrumb\",\"itemListElement\":[{\"@type\":\"ListItem\",\"position\":1,\"name\":\"S\u0101kums\",\"item\":\"https:\/\/divaninr1.lv\/ru\/\"},{\"@type\":\"ListItem\",\"position\":2,\"name\":\"\u041c\u0430\u0433\u0430\u0437\u0438\u043d\",\"item\":\"https:\/\/divaninr1.lv\/ru\/%d0%bc%d0%b0%d0%b3%d0%b0%d0%b7%d0%b8%d0%bd\/\"},{\"@type\":\"ListItem\",\"position\":3,\"name\":\"SWEDEN Elite Gray\"}]},{\"@type\":\"WebSite\",\"@id\":\"https:\/\/divaninr1.lv\/ru\/#website\",\"url\":\"https:\/\/divaninr1.lv\/ru\/\",\"name\":\"D\u012bv\u0101ni Nr. 1\",\"description\":\"\",\"publisher\":{\"@id\":\"https:\/\/divaninr1.lv\/ru\/#organization\"},\"potentialAction\":[{\"@type\":\"SearchAction\",\"target\":{\"@type\":\"EntryPoint\",\"urlTemplate\":\"https:\/\/divaninr1.lv\/ru\/?s={search_term_string}\"},\"query-input\":{\"@type\":\"PropertyValueSpecification\",\"valueRequired\":true,\"valueName\":\"search_term_string\"}}],\"inLanguage\":\"ru-RU\"},{\"@type\":\"Organization\",\"@id\":\"https:\/\/divaninr1.lv\/ru\/#organization\",\"name\":\"D\u012bv\u0101ni Nr. 1\",\"url\":\"https:\/\/divaninr1.lv\/ru\/\",\"logo\":{\"@type\":\"ImageObject\",\"inLanguage\":\"ru-RU\",\"@id\":\"https:\/\/divaninr1.lv\/ru\/#\/schema\/logo\/image\/\",\"url\":\"https:\/\/divaninr1.lv\/wp-content\/uploads\/logolv.svg\",\"contentUrl\":\"https:\/\/divaninr1.lv\/wp-content\/uploads\/logolv.svg\",\"width\":156,\"height\":21,\"caption\":\"D\u012bv\u0101ni Nr. 1\"},\"image\":{\"@id\":\"https:\/\/divaninr1.lv\/ru\/#\/schema\/logo\/image\/\"}}]}<\/script>\n<!-- \/ Yoast SEO plugin. -->","yoast_head_json":{"title":"SWEDEN Elite Gray - D\u012bv\u0101ni Nr. 1","description":"Skaties pied\u0101v\u0101jumu ar pieg\u0101di R\u012bg\u0101 un Latvij\u0101 no DivaniNr1.","robots":{"index":"index","follow":"follow","max-snippet":"max-snippet:-1","max-image-preview":"max-image-preview:large","max-video-preview":"max-video-preview:-1"},"canonical":"https:\/\/divaninr1.lv\/ru\/produkts\/sweden-elite-gray\/","og_locale":"ru_RU","og_type":"article","og_title":"SWEDEN Elite Gray - D\u012bv\u0101ni Nr. 1","og_description":"Skaties pied\u0101v\u0101jumu ar pieg\u0101di R\u012bg\u0101 un Latvij\u0101 no DivaniNr1.","og_url":"https:\/\/divaninr1.lv\/ru\/produkts\/sweden-elite-gray\/","og_site_name":"D\u012bv\u0101ni Nr. 1","og_image":[{"width":2560,"height":1707,"url":"https:\/\/divaninr1.lv\/wp-content\/uploads\/Sweden_1_0e436f5c36-scaled.jpeg","type":"image\/jpeg"}],"twitter_card":"summary_large_image","twitter_misc":{"\u041f\u0440\u0438\u043c\u0435\u0440\u043d\u043e\u0435 \u0432\u0440\u0435\u043c\u044f \u0434\u043b\u044f \u0447\u0442\u0435\u043d\u0438\u044f":"2 \u043c\u0438\u043d\u0443\u0442\u044b"},"schema":{"@context":"https:\/\/schema.org","@graph":[{"@type":"WebPage","@id":"https:\/\/divaninr1.lv\/ru\/produkts\/sweden-elite-gray\/","url":"https:\/\/divaninr1.lv\/ru\/produkts\/sweden-elite-gray\/","name":"SWEDEN Elite Gray - D\u012bv\u0101ni Nr. 1","isPartOf":{"@id":"https:\/\/divaninr1.lv\/ru\/#website"},"primaryImageOfPage":{"@id":"https:\/\/divaninr1.lv\/ru\/produkts\/sweden-elite-gray\/#primaryimage"},"image":{"@id":"https:\/\/divaninr1.lv\/ru\/produkts\/sweden-elite-gray\/#primaryimage"},"thumbnailUrl":"https:\/\/divaninr1.lv\/wp-content\/uploads\/Sweden_1_0e436f5c36-scaled.jpeg","datePublished":"2025-08-26T12:13:18+00:00","description":"Skaties pied\u0101v\u0101jumu ar pieg\u0101di R\u012bg\u0101 un Latvij\u0101 no DivaniNr1.","breadcrumb":{"@id":"https:\/\/divaninr1.lv\/ru\/produkts\/sweden-elite-gray\/#breadcrumb"},"inLanguage":"ru-RU","potentialAction":[{"@type":"ReadAction","target":["https:\/\/divaninr1.lv\/ru\/produkts\/sweden-elite-gray\/"]}]},{"@type":"ImageObject","inLanguage":"ru-RU","@id":"https:\/\/divaninr1.lv\/ru\/produkts\/sweden-elite-gray\/#primaryimage","url":"https:\/\/divaninr1.lv\/wp-content\/uploads\/Sweden_1_0e436f5c36-scaled.jpeg","contentUrl":"https:\/\/divaninr1.lv\/wp-content\/uploads\/Sweden_1_0e436f5c36-scaled.jpeg","width":2560,"height":1707},{"@type":"BreadcrumbList","@id":"https:\/\/divaninr1.lv\/ru\/produkts\/sweden-elite-gray\/#breadcrumb","itemListElement":[{"@type":"ListItem","position":1,"name":"S\u0101kums","item":"https:\/\/divaninr1.lv\/ru\/"},{"@type":"ListItem","position":2,"name":"\u041c\u0430\u0433\u0430\u0437\u0438\u043d","item":"https:\/\/divaninr1.lv\/ru\/%d0%bc%d0%b0%d0%b3%d0%b0%d0%b7%d0%b8%d0%bd\/"},{"@type":"ListItem","position":3,"name":"SWEDEN Elite Gray"}]},{"@type":"WebSite","@id":"https:\/\/divaninr1.lv\/ru\/#website","url":"https:\/\/divaninr1.lv\/ru\/","name":"D\u012bv\u0101ni Nr. 1","description":"","publisher":{"@id":"https:\/\/divaninr1.lv\/ru\/#organization"},"potentialAction":[{"@type":"SearchAction","target":{"@type":"EntryPoint","urlTemplate":"https:\/\/divaninr1.lv\/ru\/?s={search_term_string}"},"query-input":{"@type":"PropertyValueSpecification","valueRequired":true,"valueName":"search_term_string"}}],"inLanguage":"ru-RU"},{"@type":"Organization","@id":"https:\/\/divaninr1.lv\/ru\/#organization","name":"D\u012bv\u0101ni Nr. 1","url":"https:\/\/divaninr1.lv\/ru\/","logo":{"@type":"ImageObject","inLanguage":"ru-RU","@id":"https:\/\/divaninr1.lv\/ru\/#\/schema\/logo\/image\/","url":"https:\/\/divaninr1.lv\/wp-content\/uploads\/logolv.svg","contentUrl":"https:\/\/divaninr1.lv\/wp-content\/uploads\/logolv.svg","width":156,"height":21,"caption":"D\u012bv\u0101ni Nr. 1"},"image":{"@id":"https:\/\/divaninr1.lv\/ru\/#\/schema\/logo\/image\/"}}]}},"_links":{"self":[{"href":"https:\/\/divaninr1.lv\/ru\/wp-json\/wp\/v2\/product\/9824","targetHints":{"allow":["GET"]}}],"collection":[{"href":"https:\/\/divaninr1.lv\/ru\/wp-json\/wp\/v2\/product"}],"about":[{"href":"https:\/\/divaninr1.lv\/ru\/wp-json\/wp\/v2\/types\/product"}],"wp:featuredmedia":[{"embeddable":true,"href":"https:\/\/divaninr1.lv\/ru\/wp-json\/wp\/v2\/media\/9818"}],"wp:attachment":[{"href":"https:\/\/divaninr1.lv\/ru\/wp-json\/wp\/v2\/media?parent=9824"}],"wp:term":[{"taxonomy":"product_brand","embeddable":true,"href":"https:\/\/divaninr1.lv\/ru\/wp-json\/wp\/v2\/product_brand?post=9824"},{"taxonomy":"product_cat","embeddable":true,"href":"https:\/\/divaninr1.lv\/ru\/wp-json\/wp\/v2\/product_cat?post=9824"},{"taxonomy":"product_tag","embeddable":true,"href":"https:\/\/divaninr1.lv\/ru\/wp-json\/wp\/v2\/product_tag?post=9824"}],"curies":[{"name":"wp","href":"https:\/\/api.w.org\/{rel}","templated":true}]}}