{"id":9772,"date":"2025-08-26T15:32:25","date_gmt":"2025-08-26T13:32:25","guid":{"rendered":"https:\/\/divani1.webserveris.pro\/prece\/monaco-lux-gray\/"},"modified":"2025-08-26T15:32:25","modified_gmt":"2025-08-26T13:32:25","slug":"monaco-lux-gray","status":"publish","type":"product","link":"https:\/\/divaninr1.lv\/ru\/produkts\/monaco-lux-gray\/","title":{"rendered":"MONACO Lux Gray"},"content":{"rendered":"<div class=\"Product_product_title_container__y0Nh6\">\n<div class=\"Product_product_title__DeWLH\">\n<p class=\"p1\"><b>AUDUMS:<\/b>Ar &#171;Microfiber&#187; \u0161\u0137iedru rad\u012bts Luksusa klases samta audums no It\u0101lijas, apvelt\u012bts ar \u012bpa\u0161u notur\u012bbu un ilgm\u016b\u017e\u012bbu.<\/p>\n<p class=\"p1\">\ud83d\udccc Audums ir \u0161\u0137idrumu atgr\u016bdo\u0161s.<\/p>\n<p class=\"p1\">\ud83d\udccc Dz\u012bvnieku nagu dro\u0161s,<\/p>\n<p class=\"p1\">\ud83d\udccc \u013bOTI viegli kopjams un t\u012br\u0101ms.<\/p>\n<p class=\"p1\">\ud83d\udccc Lielisks audums, ja m\u0101j\u0101s ir dz\u012bvnieki vai mazi b\u0113rni.<\/p>\n<p class=\"p1\">\ud83d\udccc Iztur\u012bba pret nodilumu \ud83d\udccc 110&#8217;000 cikli.<\/p>\n<p class=\"p1\">\ud83d\udccc \u013boti maigs un pat\u012bkams \u0101dai.<\/p>\n<p class=\"p1\">\ud83d\udccc P\u012blinga koeficients 5 (audumiem, kuriem nor\u0101d\u012bts koeficients 3 vai zem\u0101k, var b\u016bt risks uz \u0161\u0137iedras savel\u0161anos,<span class=\"Apple-converted-space\">\u00a0 <\/span>ieteicams izv\u0113l\u0113ties audumu ar koeficientu 4 vai 5).<\/p>\n<p class=\"p1\"><b>\u012aPA\u0160\u012aBAS:<\/b>\ud83d\udccc Ir gulta katras nakts gul\u0113\u0161anai un ve\u013cas kaste.<\/p>\n<p class=\"p1\">\ud83d\udccc Viegli izvelkams.<\/p>\n<p class=\"p1\">\ud83d\udccc D\u012bv\u0101na korpuss ra\u017eots no mas\u012bvkoka, pie\u0161\u0137irot d\u012bv\u0101nam izcilu iztur\u012bbu un ilgm\u016b\u017e\u012bbu daudzu gadu garum\u0101.<\/p>\n<p class=\"p1\">\ud83d\udccc Regul\u0113jami galvas balsti ar vair\u0101k\u0101m poz\u012bcij\u0101m.<\/p>\n<p class=\"p1\">\ud83d\udccc Matra\u010da pild\u012bjum\u0101 iestr\u0101d\u0101tas elpojo\u0161as HR putas, kas \u013coti viegli atg\u016bst iepriek\u0161\u0113jo formu un neizs\u0113\u017eas, t\u0101s katram individu\u0101li ie\u0146em \u0137erme\u0146a formu sniedzot papildus komfortu.<\/p>\n<p class=\"p1\">\ud83d\udccc Ner\u016bs\u0113jo\u0161\u0101 t\u0113rauda Zig\ud83d\udcccZag atsperes nodro\u0161ina ilgm\u016b\u017e\u012bbu un \u0113rtumu.<\/p>\n<p class=\"p1\"><span class=\"s1\">\ud83d\udccc<\/span> St\u016bris ir pieejams gan uz labo pusi, gan uz kreiso pusi.<\/p>\n<\/div>\n<\/div>\n","protected":false},"excerpt":{"rendered":"<p>AUDUMS:Ar &#171;Microfiber&#187; \u0161\u0137iedru rad\u012bts Luksusa klases samta audums no It\u0101lijas, apvelt\u012bts ar \u012bpa\u0161u notur\u012bbu un ilgm\u016b\u017e\u012bbu. \ud83d\udccc Audums ir \u0161\u0137idrumu atgr\u016bdo\u0161s. \ud83d\udccc Dz\u012bvnieku nagu dro\u0161s, \ud83d\udccc \u013bOTI viegli kopjams un t\u012br\u0101ms. \ud83d\udccc Lielisks audums, ja m\u0101j\u0101s ir dz\u012bvnieki vai mazi b\u0113rni. \ud83d\udccc Iztur\u012bba pret nodilumu \ud83d\udccc 110&#8217;000 cikli. \ud83d\udccc \u013boti maigs un pat\u012bkams \u0101dai. \ud83d\udccc [&hellip;]<\/p>\n","protected":false},"featured_media":10710,"template":"","meta":{"_acf_changed":false,"inline_featured_image":false},"product_brand":[],"product_cat":[159],"product_tag":[],"class_list":{"0":"post-9772","1":"product","2":"type-product","3":"status-publish","4":"has-post-thumbnail","6":"product_cat-uglovije-divani","8":"first","9":"instock","10":"sale","11":"shipping-taxable","12":"purchasable","13":"product-type-simple"},"acf":[],"yoast_head":"<!-- This site is optimized with the Yoast SEO plugin v26.9 - https:\/\/yoast.com\/product\/yoast-seo-wordpress\/ -->\n<title>MONACO Lux Gray - D\u012bv\u0101ni Nr. 1<\/title>\n<meta name=\"description\" content=\"Skaties pied\u0101v\u0101jumu ar pieg\u0101di R\u012bg\u0101 un Latvij\u0101 no DivaniNr1.\" \/>\n<meta name=\"robots\" content=\"index, follow, max-snippet:-1, max-image-preview:large, max-video-preview:-1\" \/>\n<link rel=\"canonical\" href=\"https:\/\/divaninr1.lv\/ru\/produkts\/monaco-lux-gray\/\" \/>\n<meta property=\"og:locale\" content=\"ru_RU\" \/>\n<meta property=\"og:type\" content=\"article\" \/>\n<meta property=\"og:title\" content=\"MONACO Lux Gray - D\u012bv\u0101ni Nr. 1\" \/>\n<meta property=\"og:description\" content=\"Skaties pied\u0101v\u0101jumu ar pieg\u0101di R\u012bg\u0101 un Latvij\u0101 no DivaniNr1.\" \/>\n<meta property=\"og:url\" content=\"https:\/\/divaninr1.lv\/ru\/produkts\/monaco-lux-gray\/\" \/>\n<meta property=\"og:site_name\" content=\"D\u012bv\u0101ni Nr. 1\" \/>\n<meta property=\"og:image\" content=\"https:\/\/divaninr1.lv\/wp-content\/uploads\/Monaco_1-scaled.jpg\" \/>\n\t<meta property=\"og:image:width\" content=\"2560\" \/>\n\t<meta property=\"og:image:height\" content=\"1707\" \/>\n\t<meta property=\"og:image:type\" content=\"image\/jpeg\" \/>\n<meta name=\"twitter:card\" content=\"summary_large_image\" \/>\n<meta name=\"twitter:label1\" content=\"\u041f\u0440\u0438\u043c\u0435\u0440\u043d\u043e\u0435 \u0432\u0440\u0435\u043c\u044f \u0434\u043b\u044f \u0447\u0442\u0435\u043d\u0438\u044f\" \/>\n\t<meta name=\"twitter:data1\" content=\"1 \u043c\u0438\u043d\u0443\u0442\u0430\" \/>\n<script type=\"application\/ld+json\" class=\"yoast-schema-graph\">{\"@context\":\"https:\/\/schema.org\",\"@graph\":[{\"@type\":\"WebPage\",\"@id\":\"https:\/\/divaninr1.lv\/ru\/produkts\/monaco-lux-gray\/\",\"url\":\"https:\/\/divaninr1.lv\/ru\/produkts\/monaco-lux-gray\/\",\"name\":\"MONACO Lux Gray - D\u012bv\u0101ni Nr. 1\",\"isPartOf\":{\"@id\":\"https:\/\/divaninr1.lv\/ru\/#website\"},\"primaryImageOfPage\":{\"@id\":\"https:\/\/divaninr1.lv\/ru\/produkts\/monaco-lux-gray\/#primaryimage\"},\"image\":{\"@id\":\"https:\/\/divaninr1.lv\/ru\/produkts\/monaco-lux-gray\/#primaryimage\"},\"thumbnailUrl\":\"https:\/\/divaninr1.lv\/wp-content\/uploads\/Monaco_1-scaled.jpg\",\"datePublished\":\"2025-08-26T13:32:25+00:00\",\"description\":\"Skaties pied\u0101v\u0101jumu ar pieg\u0101di R\u012bg\u0101 un Latvij\u0101 no DivaniNr1.\",\"breadcrumb\":{\"@id\":\"https:\/\/divaninr1.lv\/ru\/produkts\/monaco-lux-gray\/#breadcrumb\"},\"inLanguage\":\"ru-RU\",\"potentialAction\":[{\"@type\":\"ReadAction\",\"target\":[\"https:\/\/divaninr1.lv\/ru\/produkts\/monaco-lux-gray\/\"]}]},{\"@type\":\"ImageObject\",\"inLanguage\":\"ru-RU\",\"@id\":\"https:\/\/divaninr1.lv\/ru\/produkts\/monaco-lux-gray\/#primaryimage\",\"url\":\"https:\/\/divaninr1.lv\/wp-content\/uploads\/Monaco_1-scaled.jpg\",\"contentUrl\":\"https:\/\/divaninr1.lv\/wp-content\/uploads\/Monaco_1-scaled.jpg\",\"width\":2560,\"height\":1707},{\"@type\":\"BreadcrumbList\",\"@id\":\"https:\/\/divaninr1.lv\/ru\/produkts\/monaco-lux-gray\/#breadcrumb\",\"itemListElement\":[{\"@type\":\"ListItem\",\"position\":1,\"name\":\"S\u0101kums\",\"item\":\"https:\/\/divaninr1.lv\/ru\/\"},{\"@type\":\"ListItem\",\"position\":2,\"name\":\"\u041c\u0430\u0433\u0430\u0437\u0438\u043d\",\"item\":\"https:\/\/divaninr1.lv\/ru\/%d0%bc%d0%b0%d0%b3%d0%b0%d0%b7%d0%b8%d0%bd\/\"},{\"@type\":\"ListItem\",\"position\":3,\"name\":\"MONACO Lux Gray\"}]},{\"@type\":\"WebSite\",\"@id\":\"https:\/\/divaninr1.lv\/ru\/#website\",\"url\":\"https:\/\/divaninr1.lv\/ru\/\",\"name\":\"D\u012bv\u0101ni Nr. 1\",\"description\":\"\",\"publisher\":{\"@id\":\"https:\/\/divaninr1.lv\/ru\/#organization\"},\"potentialAction\":[{\"@type\":\"SearchAction\",\"target\":{\"@type\":\"EntryPoint\",\"urlTemplate\":\"https:\/\/divaninr1.lv\/ru\/?s={search_term_string}\"},\"query-input\":{\"@type\":\"PropertyValueSpecification\",\"valueRequired\":true,\"valueName\":\"search_term_string\"}}],\"inLanguage\":\"ru-RU\"},{\"@type\":\"Organization\",\"@id\":\"https:\/\/divaninr1.lv\/ru\/#organization\",\"name\":\"D\u012bv\u0101ni Nr. 1\",\"url\":\"https:\/\/divaninr1.lv\/ru\/\",\"logo\":{\"@type\":\"ImageObject\",\"inLanguage\":\"ru-RU\",\"@id\":\"https:\/\/divaninr1.lv\/ru\/#\/schema\/logo\/image\/\",\"url\":\"https:\/\/divaninr1.lv\/wp-content\/uploads\/logolv.svg\",\"contentUrl\":\"https:\/\/divaninr1.lv\/wp-content\/uploads\/logolv.svg\",\"width\":156,\"height\":21,\"caption\":\"D\u012bv\u0101ni Nr. 1\"},\"image\":{\"@id\":\"https:\/\/divaninr1.lv\/ru\/#\/schema\/logo\/image\/\"}}]}<\/script>\n<!-- \/ Yoast SEO plugin. -->","yoast_head_json":{"title":"MONACO Lux Gray - D\u012bv\u0101ni Nr. 1","description":"Skaties pied\u0101v\u0101jumu ar pieg\u0101di R\u012bg\u0101 un Latvij\u0101 no DivaniNr1.","robots":{"index":"index","follow":"follow","max-snippet":"max-snippet:-1","max-image-preview":"max-image-preview:large","max-video-preview":"max-video-preview:-1"},"canonical":"https:\/\/divaninr1.lv\/ru\/produkts\/monaco-lux-gray\/","og_locale":"ru_RU","og_type":"article","og_title":"MONACO Lux Gray - D\u012bv\u0101ni Nr. 1","og_description":"Skaties pied\u0101v\u0101jumu ar pieg\u0101di R\u012bg\u0101 un Latvij\u0101 no DivaniNr1.","og_url":"https:\/\/divaninr1.lv\/ru\/produkts\/monaco-lux-gray\/","og_site_name":"D\u012bv\u0101ni Nr. 1","og_image":[{"width":2560,"height":1707,"url":"https:\/\/divaninr1.lv\/wp-content\/uploads\/Monaco_1-scaled.jpg","type":"image\/jpeg"}],"twitter_card":"summary_large_image","twitter_misc":{"\u041f\u0440\u0438\u043c\u0435\u0440\u043d\u043e\u0435 \u0432\u0440\u0435\u043c\u044f \u0434\u043b\u044f \u0447\u0442\u0435\u043d\u0438\u044f":"1 \u043c\u0438\u043d\u0443\u0442\u0430"},"schema":{"@context":"https:\/\/schema.org","@graph":[{"@type":"WebPage","@id":"https:\/\/divaninr1.lv\/ru\/produkts\/monaco-lux-gray\/","url":"https:\/\/divaninr1.lv\/ru\/produkts\/monaco-lux-gray\/","name":"MONACO Lux Gray - D\u012bv\u0101ni Nr. 1","isPartOf":{"@id":"https:\/\/divaninr1.lv\/ru\/#website"},"primaryImageOfPage":{"@id":"https:\/\/divaninr1.lv\/ru\/produkts\/monaco-lux-gray\/#primaryimage"},"image":{"@id":"https:\/\/divaninr1.lv\/ru\/produkts\/monaco-lux-gray\/#primaryimage"},"thumbnailUrl":"https:\/\/divaninr1.lv\/wp-content\/uploads\/Monaco_1-scaled.jpg","datePublished":"2025-08-26T13:32:25+00:00","description":"Skaties pied\u0101v\u0101jumu ar pieg\u0101di R\u012bg\u0101 un Latvij\u0101 no DivaniNr1.","breadcrumb":{"@id":"https:\/\/divaninr1.lv\/ru\/produkts\/monaco-lux-gray\/#breadcrumb"},"inLanguage":"ru-RU","potentialAction":[{"@type":"ReadAction","target":["https:\/\/divaninr1.lv\/ru\/produkts\/monaco-lux-gray\/"]}]},{"@type":"ImageObject","inLanguage":"ru-RU","@id":"https:\/\/divaninr1.lv\/ru\/produkts\/monaco-lux-gray\/#primaryimage","url":"https:\/\/divaninr1.lv\/wp-content\/uploads\/Monaco_1-scaled.jpg","contentUrl":"https:\/\/divaninr1.lv\/wp-content\/uploads\/Monaco_1-scaled.jpg","width":2560,"height":1707},{"@type":"BreadcrumbList","@id":"https:\/\/divaninr1.lv\/ru\/produkts\/monaco-lux-gray\/#breadcrumb","itemListElement":[{"@type":"ListItem","position":1,"name":"S\u0101kums","item":"https:\/\/divaninr1.lv\/ru\/"},{"@type":"ListItem","position":2,"name":"\u041c\u0430\u0433\u0430\u0437\u0438\u043d","item":"https:\/\/divaninr1.lv\/ru\/%d0%bc%d0%b0%d0%b3%d0%b0%d0%b7%d0%b8%d0%bd\/"},{"@type":"ListItem","position":3,"name":"MONACO Lux Gray"}]},{"@type":"WebSite","@id":"https:\/\/divaninr1.lv\/ru\/#website","url":"https:\/\/divaninr1.lv\/ru\/","name":"D\u012bv\u0101ni Nr. 1","description":"","publisher":{"@id":"https:\/\/divaninr1.lv\/ru\/#organization"},"potentialAction":[{"@type":"SearchAction","target":{"@type":"EntryPoint","urlTemplate":"https:\/\/divaninr1.lv\/ru\/?s={search_term_string}"},"query-input":{"@type":"PropertyValueSpecification","valueRequired":true,"valueName":"search_term_string"}}],"inLanguage":"ru-RU"},{"@type":"Organization","@id":"https:\/\/divaninr1.lv\/ru\/#organization","name":"D\u012bv\u0101ni Nr. 1","url":"https:\/\/divaninr1.lv\/ru\/","logo":{"@type":"ImageObject","inLanguage":"ru-RU","@id":"https:\/\/divaninr1.lv\/ru\/#\/schema\/logo\/image\/","url":"https:\/\/divaninr1.lv\/wp-content\/uploads\/logolv.svg","contentUrl":"https:\/\/divaninr1.lv\/wp-content\/uploads\/logolv.svg","width":156,"height":21,"caption":"D\u012bv\u0101ni Nr. 1"},"image":{"@id":"https:\/\/divaninr1.lv\/ru\/#\/schema\/logo\/image\/"}}]}},"_links":{"self":[{"href":"https:\/\/divaninr1.lv\/ru\/wp-json\/wp\/v2\/product\/9772","targetHints":{"allow":["GET"]}}],"collection":[{"href":"https:\/\/divaninr1.lv\/ru\/wp-json\/wp\/v2\/product"}],"about":[{"href":"https:\/\/divaninr1.lv\/ru\/wp-json\/wp\/v2\/types\/product"}],"wp:featuredmedia":[{"embeddable":true,"href":"https:\/\/divaninr1.lv\/ru\/wp-json\/wp\/v2\/media\/10710"}],"wp:attachment":[{"href":"https:\/\/divaninr1.lv\/ru\/wp-json\/wp\/v2\/media?parent=9772"}],"wp:term":[{"taxonomy":"product_brand","embeddable":true,"href":"https:\/\/divaninr1.lv\/ru\/wp-json\/wp\/v2\/product_brand?post=9772"},{"taxonomy":"product_cat","embeddable":true,"href":"https:\/\/divaninr1.lv\/ru\/wp-json\/wp\/v2\/product_cat?post=9772"},{"taxonomy":"product_tag","embeddable":true,"href":"https:\/\/divaninr1.lv\/ru\/wp-json\/wp\/v2\/product_tag?post=9772"}],"curies":[{"name":"wp","href":"https:\/\/api.w.org\/{rel}","templated":true}]}}