{"id":9755,"date":"2025-08-22T16:34:33","date_gmt":"2025-08-22T14:34:33","guid":{"rendered":"https:\/\/divani1.webserveris.pro\/prece\/columbus-lux-cappuccino\/"},"modified":"2025-08-22T16:34:33","modified_gmt":"2025-08-22T14:34:33","slug":"columbus-lux-cappuccino","status":"publish","type":"product","link":"https:\/\/divaninr1.lv\/ru\/produkts\/columbus-lux-cappuccino\/","title":{"rendered":"COLUMBUS Lux Cappuccino"},"content":{"rendered":"<div class=\"Product_product_title_container__y0Nh6\">\n<div class=\"Product_product_title__DeWLH\">AUDUMS:<\/div>\n<p>\ud83d\udccc Premium klases vel\u016bra audums ar iestr\u0101d\u0101tu &#171;SMART&#187; funkciju. &#171;Microfiber&#187; \u0161\u0137iedra nodro\u0161ina audumam \u012bpa\u0161u notur\u012bbu un ilgm\u016b\u017e\u012bbu. \ud83d\udccc Audums ir &#187;EASY CLEAN&#187; \ud83d\udccc \u013bOTI viegli kopjams un t\u012br\u0101ms! \ud83d\udccc Audums ir dz\u012bvnieku nagu dro\u0161s. \ud83d\udccc Lielisks audums, ja m\u0101j\u0101s ir dz\u012bvnieki vai mazi b\u0113rni. \ud83d\udccc Iztur\u012bba pret nodilumu \ud83d\udccc 115&#8217;000 cikli. \ud83d\udccc P\u012blinga koeficients 5 (audumiem, kuriem nor\u0101d\u012bts koeficients 3 vai zem\u0101k, var b\u016bt risks uz \u0161\u0137iedras savel\u0161anos, ieteicams izv\u0113l\u0113ties audumu ar koeficientu 4 vai 5). \ud83d\udccc \u013boti maigs un pat\u012bkams \u0101dai.<\/p>\n<\/div>\n<div class=\"Product_product_title_container__y0Nh6\">\n<div class=\"Product_product_title__DeWLH\">\u012aPA\u0160\u012aBAS:<\/div>\n<p>\ud83d\udccc Pla\u0161a gulta katras nakts gul\u0113\u0161anai, ietilp\u012bga ve\u013cas kaste. \ud83d\udccc Viegli izvelkams. \ud83d\udccc D\u012bv\u0101na rokubalstos iestr\u0101d\u0101ti papildus atverami nodal\u012bjumi. \ud83d\udccc D\u012bv\u0101na korpuss ra\u017eots gan no mas\u012bvkoka, pie\u0161\u0137irot d\u012bv\u0101nam izcilu iztur\u012bbu un ilgm\u016b\u017e\u012bbu daudzu gadu garum\u0101. \ud83d\udccc Matra\u010da pild\u012bjum\u0101 iestr\u0101d\u0101tas elpojo\u0161as HR putas, kas \u013coti viegli atg\u016bst iepriek\u0161\u0113jo formu un neizs\u0113\u017eas, t\u0101s katram individu\u0101li ie\u0146em \u0137erme\u0146a formu sniedzot papildus komfortu. \ud83d\udccc Zig\ud83d\udccczag atsperes nodro\u0161ina ilgm\u016b\u017e\u012bbu un \u0113rtumu. \ud83d\udccc Univers\u0101ls st\u016bris, mont\u0113jot var likt uz ab\u0101m pus\u0113m.<\/p>\n<\/div>\n","protected":false},"excerpt":{"rendered":"<p>AUDUMS: \ud83d\udccc Premium klases vel\u016bra audums ar iestr\u0101d\u0101tu &#171;SMART&#187; funkciju. &#171;Microfiber&#187; \u0161\u0137iedra nodro\u0161ina audumam \u012bpa\u0161u notur\u012bbu un ilgm\u016b\u017e\u012bbu. \ud83d\udccc Audums ir &#187;EASY CLEAN&#187; \ud83d\udccc \u013bOTI viegli kopjams un t\u012br\u0101ms! \ud83d\udccc Audums ir dz\u012bvnieku nagu dro\u0161s. \ud83d\udccc Lielisks audums, ja m\u0101j\u0101s ir dz\u012bvnieki vai mazi b\u0113rni. \ud83d\udccc Iztur\u012bba pret nodilumu \ud83d\udccc 115&#8217;000 cikli. \ud83d\udccc P\u012blinga koeficients [&hellip;]<\/p>\n","protected":false},"featured_media":10597,"template":"","meta":{"_acf_changed":false,"inline_featured_image":false},"product_brand":[],"product_cat":[159],"product_tag":[],"class_list":{"0":"post-9755","1":"product","2":"type-product","3":"status-publish","4":"has-post-thumbnail","6":"product_cat-uglovije-divani","8":"first","9":"instock","10":"sale","11":"shipping-taxable","12":"purchasable","13":"product-type-simple"},"acf":[],"yoast_head":"<!-- This site is optimized with the Yoast SEO plugin v26.9 - https:\/\/yoast.com\/product\/yoast-seo-wordpress\/ -->\n<title>COLUMBUS Lux Cappuccino - D\u012bv\u0101ni Nr. 1<\/title>\n<meta name=\"description\" content=\"Skaties pied\u0101v\u0101jumu ar pieg\u0101di R\u012bg\u0101 un Latvij\u0101 no DivaniNr1.\" \/>\n<meta name=\"robots\" content=\"index, follow, max-snippet:-1, max-image-preview:large, max-video-preview:-1\" \/>\n<link rel=\"canonical\" href=\"https:\/\/divaninr1.lv\/ru\/produkts\/columbus-lux-cappuccino\/\" \/>\n<meta property=\"og:locale\" content=\"ru_RU\" \/>\n<meta property=\"og:type\" content=\"article\" \/>\n<meta property=\"og:title\" content=\"COLUMBUS Lux Cappuccino - D\u012bv\u0101ni Nr. 1\" \/>\n<meta property=\"og:description\" content=\"Skaties pied\u0101v\u0101jumu ar pieg\u0101di R\u012bg\u0101 un Latvij\u0101 no DivaniNr1.\" \/>\n<meta property=\"og:url\" content=\"https:\/\/divaninr1.lv\/ru\/produkts\/columbus-lux-cappuccino\/\" \/>\n<meta property=\"og:site_name\" content=\"D\u012bv\u0101ni Nr. 1\" \/>\n<meta property=\"og:image\" content=\"https:\/\/divaninr1.lv\/wp-content\/uploads\/Columbus_Capp_1-scaled.jpg\" \/>\n\t<meta property=\"og:image:width\" content=\"2560\" \/>\n\t<meta property=\"og:image:height\" content=\"1707\" \/>\n\t<meta property=\"og:image:type\" content=\"image\/jpeg\" \/>\n<meta name=\"twitter:card\" content=\"summary_large_image\" \/>\n<meta name=\"twitter:label1\" content=\"\u041f\u0440\u0438\u043c\u0435\u0440\u043d\u043e\u0435 \u0432\u0440\u0435\u043c\u044f \u0434\u043b\u044f \u0447\u0442\u0435\u043d\u0438\u044f\" \/>\n\t<meta name=\"twitter:data1\" content=\"1 \u043c\u0438\u043d\u0443\u0442\u0430\" \/>\n<script type=\"application\/ld+json\" class=\"yoast-schema-graph\">{\"@context\":\"https:\/\/schema.org\",\"@graph\":[{\"@type\":\"WebPage\",\"@id\":\"https:\/\/divaninr1.lv\/ru\/produkts\/columbus-lux-cappuccino\/\",\"url\":\"https:\/\/divaninr1.lv\/ru\/produkts\/columbus-lux-cappuccino\/\",\"name\":\"COLUMBUS Lux Cappuccino - D\u012bv\u0101ni Nr. 1\",\"isPartOf\":{\"@id\":\"https:\/\/divaninr1.lv\/ru\/#website\"},\"primaryImageOfPage\":{\"@id\":\"https:\/\/divaninr1.lv\/ru\/produkts\/columbus-lux-cappuccino\/#primaryimage\"},\"image\":{\"@id\":\"https:\/\/divaninr1.lv\/ru\/produkts\/columbus-lux-cappuccino\/#primaryimage\"},\"thumbnailUrl\":\"https:\/\/divaninr1.lv\/wp-content\/uploads\/Columbus_Capp_1-scaled.jpg\",\"datePublished\":\"2025-08-22T14:34:33+00:00\",\"description\":\"Skaties pied\u0101v\u0101jumu ar pieg\u0101di R\u012bg\u0101 un Latvij\u0101 no DivaniNr1.\",\"breadcrumb\":{\"@id\":\"https:\/\/divaninr1.lv\/ru\/produkts\/columbus-lux-cappuccino\/#breadcrumb\"},\"inLanguage\":\"ru-RU\",\"potentialAction\":[{\"@type\":\"ReadAction\",\"target\":[\"https:\/\/divaninr1.lv\/ru\/produkts\/columbus-lux-cappuccino\/\"]}]},{\"@type\":\"ImageObject\",\"inLanguage\":\"ru-RU\",\"@id\":\"https:\/\/divaninr1.lv\/ru\/produkts\/columbus-lux-cappuccino\/#primaryimage\",\"url\":\"https:\/\/divaninr1.lv\/wp-content\/uploads\/Columbus_Capp_1-scaled.jpg\",\"contentUrl\":\"https:\/\/divaninr1.lv\/wp-content\/uploads\/Columbus_Capp_1-scaled.jpg\",\"width\":2560,\"height\":1707},{\"@type\":\"BreadcrumbList\",\"@id\":\"https:\/\/divaninr1.lv\/ru\/produkts\/columbus-lux-cappuccino\/#breadcrumb\",\"itemListElement\":[{\"@type\":\"ListItem\",\"position\":1,\"name\":\"S\u0101kums\",\"item\":\"https:\/\/divaninr1.lv\/ru\/\"},{\"@type\":\"ListItem\",\"position\":2,\"name\":\"\u041c\u0430\u0433\u0430\u0437\u0438\u043d\",\"item\":\"https:\/\/divaninr1.lv\/ru\/%d0%bc%d0%b0%d0%b3%d0%b0%d0%b7%d0%b8%d0%bd\/\"},{\"@type\":\"ListItem\",\"position\":3,\"name\":\"COLUMBUS Lux Cappuccino\"}]},{\"@type\":\"WebSite\",\"@id\":\"https:\/\/divaninr1.lv\/ru\/#website\",\"url\":\"https:\/\/divaninr1.lv\/ru\/\",\"name\":\"D\u012bv\u0101ni Nr. 1\",\"description\":\"\",\"publisher\":{\"@id\":\"https:\/\/divaninr1.lv\/ru\/#organization\"},\"potentialAction\":[{\"@type\":\"SearchAction\",\"target\":{\"@type\":\"EntryPoint\",\"urlTemplate\":\"https:\/\/divaninr1.lv\/ru\/?s={search_term_string}\"},\"query-input\":{\"@type\":\"PropertyValueSpecification\",\"valueRequired\":true,\"valueName\":\"search_term_string\"}}],\"inLanguage\":\"ru-RU\"},{\"@type\":\"Organization\",\"@id\":\"https:\/\/divaninr1.lv\/ru\/#organization\",\"name\":\"D\u012bv\u0101ni Nr. 1\",\"url\":\"https:\/\/divaninr1.lv\/ru\/\",\"logo\":{\"@type\":\"ImageObject\",\"inLanguage\":\"ru-RU\",\"@id\":\"https:\/\/divaninr1.lv\/ru\/#\/schema\/logo\/image\/\",\"url\":\"https:\/\/divaninr1.lv\/wp-content\/uploads\/logolv.svg\",\"contentUrl\":\"https:\/\/divaninr1.lv\/wp-content\/uploads\/logolv.svg\",\"width\":156,\"height\":21,\"caption\":\"D\u012bv\u0101ni Nr. 1\"},\"image\":{\"@id\":\"https:\/\/divaninr1.lv\/ru\/#\/schema\/logo\/image\/\"}}]}<\/script>\n<!-- \/ Yoast SEO plugin. -->","yoast_head_json":{"title":"COLUMBUS Lux Cappuccino - D\u012bv\u0101ni Nr. 1","description":"Skaties pied\u0101v\u0101jumu ar pieg\u0101di R\u012bg\u0101 un Latvij\u0101 no DivaniNr1.","robots":{"index":"index","follow":"follow","max-snippet":"max-snippet:-1","max-image-preview":"max-image-preview:large","max-video-preview":"max-video-preview:-1"},"canonical":"https:\/\/divaninr1.lv\/ru\/produkts\/columbus-lux-cappuccino\/","og_locale":"ru_RU","og_type":"article","og_title":"COLUMBUS Lux Cappuccino - D\u012bv\u0101ni Nr. 1","og_description":"Skaties pied\u0101v\u0101jumu ar pieg\u0101di R\u012bg\u0101 un Latvij\u0101 no DivaniNr1.","og_url":"https:\/\/divaninr1.lv\/ru\/produkts\/columbus-lux-cappuccino\/","og_site_name":"D\u012bv\u0101ni Nr. 1","og_image":[{"width":2560,"height":1707,"url":"https:\/\/divaninr1.lv\/wp-content\/uploads\/Columbus_Capp_1-scaled.jpg","type":"image\/jpeg"}],"twitter_card":"summary_large_image","twitter_misc":{"\u041f\u0440\u0438\u043c\u0435\u0440\u043d\u043e\u0435 \u0432\u0440\u0435\u043c\u044f \u0434\u043b\u044f \u0447\u0442\u0435\u043d\u0438\u044f":"1 \u043c\u0438\u043d\u0443\u0442\u0430"},"schema":{"@context":"https:\/\/schema.org","@graph":[{"@type":"WebPage","@id":"https:\/\/divaninr1.lv\/ru\/produkts\/columbus-lux-cappuccino\/","url":"https:\/\/divaninr1.lv\/ru\/produkts\/columbus-lux-cappuccino\/","name":"COLUMBUS Lux Cappuccino - D\u012bv\u0101ni Nr. 1","isPartOf":{"@id":"https:\/\/divaninr1.lv\/ru\/#website"},"primaryImageOfPage":{"@id":"https:\/\/divaninr1.lv\/ru\/produkts\/columbus-lux-cappuccino\/#primaryimage"},"image":{"@id":"https:\/\/divaninr1.lv\/ru\/produkts\/columbus-lux-cappuccino\/#primaryimage"},"thumbnailUrl":"https:\/\/divaninr1.lv\/wp-content\/uploads\/Columbus_Capp_1-scaled.jpg","datePublished":"2025-08-22T14:34:33+00:00","description":"Skaties pied\u0101v\u0101jumu ar pieg\u0101di R\u012bg\u0101 un Latvij\u0101 no DivaniNr1.","breadcrumb":{"@id":"https:\/\/divaninr1.lv\/ru\/produkts\/columbus-lux-cappuccino\/#breadcrumb"},"inLanguage":"ru-RU","potentialAction":[{"@type":"ReadAction","target":["https:\/\/divaninr1.lv\/ru\/produkts\/columbus-lux-cappuccino\/"]}]},{"@type":"ImageObject","inLanguage":"ru-RU","@id":"https:\/\/divaninr1.lv\/ru\/produkts\/columbus-lux-cappuccino\/#primaryimage","url":"https:\/\/divaninr1.lv\/wp-content\/uploads\/Columbus_Capp_1-scaled.jpg","contentUrl":"https:\/\/divaninr1.lv\/wp-content\/uploads\/Columbus_Capp_1-scaled.jpg","width":2560,"height":1707},{"@type":"BreadcrumbList","@id":"https:\/\/divaninr1.lv\/ru\/produkts\/columbus-lux-cappuccino\/#breadcrumb","itemListElement":[{"@type":"ListItem","position":1,"name":"S\u0101kums","item":"https:\/\/divaninr1.lv\/ru\/"},{"@type":"ListItem","position":2,"name":"\u041c\u0430\u0433\u0430\u0437\u0438\u043d","item":"https:\/\/divaninr1.lv\/ru\/%d0%bc%d0%b0%d0%b3%d0%b0%d0%b7%d0%b8%d0%bd\/"},{"@type":"ListItem","position":3,"name":"COLUMBUS Lux Cappuccino"}]},{"@type":"WebSite","@id":"https:\/\/divaninr1.lv\/ru\/#website","url":"https:\/\/divaninr1.lv\/ru\/","name":"D\u012bv\u0101ni Nr. 1","description":"","publisher":{"@id":"https:\/\/divaninr1.lv\/ru\/#organization"},"potentialAction":[{"@type":"SearchAction","target":{"@type":"EntryPoint","urlTemplate":"https:\/\/divaninr1.lv\/ru\/?s={search_term_string}"},"query-input":{"@type":"PropertyValueSpecification","valueRequired":true,"valueName":"search_term_string"}}],"inLanguage":"ru-RU"},{"@type":"Organization","@id":"https:\/\/divaninr1.lv\/ru\/#organization","name":"D\u012bv\u0101ni Nr. 1","url":"https:\/\/divaninr1.lv\/ru\/","logo":{"@type":"ImageObject","inLanguage":"ru-RU","@id":"https:\/\/divaninr1.lv\/ru\/#\/schema\/logo\/image\/","url":"https:\/\/divaninr1.lv\/wp-content\/uploads\/logolv.svg","contentUrl":"https:\/\/divaninr1.lv\/wp-content\/uploads\/logolv.svg","width":156,"height":21,"caption":"D\u012bv\u0101ni Nr. 1"},"image":{"@id":"https:\/\/divaninr1.lv\/ru\/#\/schema\/logo\/image\/"}}]}},"_links":{"self":[{"href":"https:\/\/divaninr1.lv\/ru\/wp-json\/wp\/v2\/product\/9755","targetHints":{"allow":["GET"]}}],"collection":[{"href":"https:\/\/divaninr1.lv\/ru\/wp-json\/wp\/v2\/product"}],"about":[{"href":"https:\/\/divaninr1.lv\/ru\/wp-json\/wp\/v2\/types\/product"}],"wp:featuredmedia":[{"embeddable":true,"href":"https:\/\/divaninr1.lv\/ru\/wp-json\/wp\/v2\/media\/10597"}],"wp:attachment":[{"href":"https:\/\/divaninr1.lv\/ru\/wp-json\/wp\/v2\/media?parent=9755"}],"wp:term":[{"taxonomy":"product_brand","embeddable":true,"href":"https:\/\/divaninr1.lv\/ru\/wp-json\/wp\/v2\/product_brand?post=9755"},{"taxonomy":"product_cat","embeddable":true,"href":"https:\/\/divaninr1.lv\/ru\/wp-json\/wp\/v2\/product_cat?post=9755"},{"taxonomy":"product_tag","embeddable":true,"href":"https:\/\/divaninr1.lv\/ru\/wp-json\/wp\/v2\/product_tag?post=9755"}],"curies":[{"name":"wp","href":"https:\/\/api.w.org\/{rel}","templated":true}]}}