{"id":9726,"date":"2025-08-22T16:11:47","date_gmt":"2025-08-22T14:11:47","guid":{"rendered":"https:\/\/divani1.webserveris.pro\/prece\/porto-exclusive-green\/"},"modified":"2025-08-22T16:11:47","modified_gmt":"2025-08-22T14:11:47","slug":"porto-exclusive-green","status":"publish","type":"product","link":"https:\/\/divaninr1.lv\/ru\/produkts\/porto-exclusive-green\/","title":{"rendered":"PORTO Exclusive Green"},"content":{"rendered":"<p class=\"p1\"><b>AUDUMS<\/b><\/p>\n<p class=\"p1\">\ud83d\udccc Premium klases velveta audums! Modern\u0101kais un piepras\u012bt\u0101kais audums \u0161obr\u012bd!<\/p>\n<p class=\"p1\">\ud83d\udccc Nep\u0101rsp\u0113jami m\u012bksts un \u013bOTI pat\u012bkams \u0101dai.<\/p>\n<p class=\"p1\">\ud83d\udccc \u013boti biez\u0101 auduma strukt\u016bra un dubult\u0101 \u0161\u0137iedra nodro\u0161ina izcilu ilgm\u016b\u017e\u012bbu un maz\u0101ku iesp\u0113jam\u012bbu dz\u012bvniekiem to saboj\u0101t.<\/p>\n<p class=\"p1\">\ud83d\udccc Audums ir &#187;EASY CLEAN&#187; \ud83d\udccc viegli kopjams un t\u012br\u0101ms!<\/p>\n<p class=\"p1\">\ud83d\udccc Iztur\u012bba pret nodilumu \ud83d\udccc 120&#8217;000 cikli.<\/p>\n<p class=\"p1\">\ud83d\udccc P\u012blinga koeficients 5 (audumiem, kuriem nor\u0101d\u012bts koeficients 3 vai zem\u0101k, var b\u016bt risks uz \u0161\u0137iedras savel\u0161anos,<span class=\"Apple-converted-space\">\u00a0 <\/span>ieteicams izv\u0113l\u0113ties audumu ar koeficientu 4 vai 5).<\/p>\n<p class=\"p1\"><b>\u012aPA\u0160\u012aBAS<\/b><\/p>\n<p class=\"p1\">\ud83d\udccc \u013boti pla\u0161a gulta katras nakts gul\u0113\u0161anai un ietilp\u012bga ve\u013cas kaste.<\/p>\n<p class=\"p1\">\ud83d\udccc Viegli izvelkams.<\/p>\n<p class=\"p1\">\ud83d\udccc D\u012bv\u0101na korpuss ra\u017eots no mas\u012bvkoka.<\/p>\n<p class=\"p1\">\ud83d\udccc Matra\u010da pild\u012bjum\u0101 iestr\u0101d\u0101tas elpojo\u0161as HR putas, kas \u013coti viegli atg\u016bst iepriek\u0161\u0113jo formu un neizs\u0113\u017eas.<\/p>\n<p class=\"p1\">\ud83d\udccc Ner\u016bs\u0113jo\u0161\u0101 t\u0113rauda bonell atsperes nodro\u0161ina ilgm\u016b\u017e\u012bbu un \u0113rtumu.<\/p>\n<p class=\"p1\"><span class=\"s1\">\ud83d\udccc<\/span> Spilvenos iestr\u0101d\u0101tas poliestera putas ilg\u0101kai formas saglab\u0101\u0161anai.<\/p>\n","protected":false},"excerpt":{"rendered":"<p>AUDUMS \ud83d\udccc Premium klases velveta audums! Modern\u0101kais un piepras\u012bt\u0101kais audums \u0161obr\u012bd! \ud83d\udccc Nep\u0101rsp\u0113jami m\u012bksts un \u013bOTI pat\u012bkams \u0101dai. \ud83d\udccc \u013boti biez\u0101 auduma strukt\u016bra un dubult\u0101 \u0161\u0137iedra nodro\u0161ina izcilu ilgm\u016b\u017e\u012bbu un maz\u0101ku iesp\u0113jam\u012bbu dz\u012bvniekiem to saboj\u0101t. \ud83d\udccc Audums ir &#187;EASY CLEAN&#187; \ud83d\udccc viegli kopjams un t\u012br\u0101ms! \ud83d\udccc Iztur\u012bba pret nodilumu \ud83d\udccc 120&#8217;000 cikli. \ud83d\udccc P\u012blinga koeficients [&hellip;]<\/p>\n","protected":false},"featured_media":9714,"template":"","meta":{"_acf_changed":false,"inline_featured_image":false},"product_brand":[],"product_cat":[155],"product_tag":[],"class_list":{"0":"post-9726","1":"product","2":"type-product","3":"status-publish","4":"has-post-thumbnail","6":"product_cat-tkanivaji-divani","8":"first","9":"instock","10":"sale","11":"shipping-taxable","12":"purchasable","13":"product-type-simple"},"acf":[],"yoast_head":"<!-- This site is optimized with the Yoast SEO plugin v26.9 - https:\/\/yoast.com\/product\/yoast-seo-wordpress\/ -->\n<title>PORTO Exclusive Green - D\u012bv\u0101ni Nr. 1<\/title>\n<meta name=\"description\" content=\"Skaties pied\u0101v\u0101jumu ar pieg\u0101di R\u012bg\u0101 un Latvij\u0101 no DivaniNr1.\" \/>\n<meta name=\"robots\" content=\"index, follow, max-snippet:-1, max-image-preview:large, max-video-preview:-1\" \/>\n<link rel=\"canonical\" href=\"https:\/\/divaninr1.lv\/ru\/produkts\/porto-exclusive-green\/\" \/>\n<meta property=\"og:locale\" content=\"ru_RU\" \/>\n<meta property=\"og:type\" content=\"article\" \/>\n<meta property=\"og:title\" content=\"PORTO Exclusive Green - D\u012bv\u0101ni Nr. 1\" \/>\n<meta property=\"og:description\" content=\"Skaties pied\u0101v\u0101jumu ar pieg\u0101di R\u012bg\u0101 un Latvij\u0101 no DivaniNr1.\" \/>\n<meta property=\"og:url\" content=\"https:\/\/divaninr1.lv\/ru\/produkts\/porto-exclusive-green\/\" \/>\n<meta property=\"og:site_name\" content=\"D\u012bv\u0101ni Nr. 1\" \/>\n<meta property=\"og:image\" content=\"https:\/\/divaninr1.lv\/wp-content\/uploads\/Divans13_1_0e6373a3c9-scaled.jpeg\" \/>\n\t<meta property=\"og:image:width\" content=\"2560\" \/>\n\t<meta property=\"og:image:height\" content=\"1707\" \/>\n\t<meta property=\"og:image:type\" content=\"image\/jpeg\" \/>\n<meta name=\"twitter:card\" content=\"summary_large_image\" \/>\n<meta name=\"twitter:label1\" content=\"\u041f\u0440\u0438\u043c\u0435\u0440\u043d\u043e\u0435 \u0432\u0440\u0435\u043c\u044f \u0434\u043b\u044f \u0447\u0442\u0435\u043d\u0438\u044f\" \/>\n\t<meta name=\"twitter:data1\" content=\"1 \u043c\u0438\u043d\u0443\u0442\u0430\" \/>\n<script type=\"application\/ld+json\" class=\"yoast-schema-graph\">{\"@context\":\"https:\/\/schema.org\",\"@graph\":[{\"@type\":\"WebPage\",\"@id\":\"https:\/\/divaninr1.lv\/ru\/produkts\/porto-exclusive-green\/\",\"url\":\"https:\/\/divaninr1.lv\/ru\/produkts\/porto-exclusive-green\/\",\"name\":\"PORTO Exclusive Green - D\u012bv\u0101ni Nr. 1\",\"isPartOf\":{\"@id\":\"https:\/\/divaninr1.lv\/ru\/#website\"},\"primaryImageOfPage\":{\"@id\":\"https:\/\/divaninr1.lv\/ru\/produkts\/porto-exclusive-green\/#primaryimage\"},\"image\":{\"@id\":\"https:\/\/divaninr1.lv\/ru\/produkts\/porto-exclusive-green\/#primaryimage\"},\"thumbnailUrl\":\"https:\/\/divaninr1.lv\/wp-content\/uploads\/Divans13_1_0e6373a3c9-scaled.jpeg\",\"datePublished\":\"2025-08-22T14:11:47+00:00\",\"description\":\"Skaties pied\u0101v\u0101jumu ar pieg\u0101di R\u012bg\u0101 un Latvij\u0101 no DivaniNr1.\",\"breadcrumb\":{\"@id\":\"https:\/\/divaninr1.lv\/ru\/produkts\/porto-exclusive-green\/#breadcrumb\"},\"inLanguage\":\"ru-RU\",\"potentialAction\":[{\"@type\":\"ReadAction\",\"target\":[\"https:\/\/divaninr1.lv\/ru\/produkts\/porto-exclusive-green\/\"]}]},{\"@type\":\"ImageObject\",\"inLanguage\":\"ru-RU\",\"@id\":\"https:\/\/divaninr1.lv\/ru\/produkts\/porto-exclusive-green\/#primaryimage\",\"url\":\"https:\/\/divaninr1.lv\/wp-content\/uploads\/Divans13_1_0e6373a3c9-scaled.jpeg\",\"contentUrl\":\"https:\/\/divaninr1.lv\/wp-content\/uploads\/Divans13_1_0e6373a3c9-scaled.jpeg\",\"width\":2560,\"height\":1707},{\"@type\":\"BreadcrumbList\",\"@id\":\"https:\/\/divaninr1.lv\/ru\/produkts\/porto-exclusive-green\/#breadcrumb\",\"itemListElement\":[{\"@type\":\"ListItem\",\"position\":1,\"name\":\"S\u0101kums\",\"item\":\"https:\/\/divaninr1.lv\/ru\/\"},{\"@type\":\"ListItem\",\"position\":2,\"name\":\"\u041c\u0430\u0433\u0430\u0437\u0438\u043d\",\"item\":\"https:\/\/divaninr1.lv\/ru\/%d0%bc%d0%b0%d0%b3%d0%b0%d0%b7%d0%b8%d0%bd\/\"},{\"@type\":\"ListItem\",\"position\":3,\"name\":\"PORTO Exclusive Green\"}]},{\"@type\":\"WebSite\",\"@id\":\"https:\/\/divaninr1.lv\/ru\/#website\",\"url\":\"https:\/\/divaninr1.lv\/ru\/\",\"name\":\"D\u012bv\u0101ni Nr. 1\",\"description\":\"\",\"publisher\":{\"@id\":\"https:\/\/divaninr1.lv\/ru\/#organization\"},\"potentialAction\":[{\"@type\":\"SearchAction\",\"target\":{\"@type\":\"EntryPoint\",\"urlTemplate\":\"https:\/\/divaninr1.lv\/ru\/?s={search_term_string}\"},\"query-input\":{\"@type\":\"PropertyValueSpecification\",\"valueRequired\":true,\"valueName\":\"search_term_string\"}}],\"inLanguage\":\"ru-RU\"},{\"@type\":\"Organization\",\"@id\":\"https:\/\/divaninr1.lv\/ru\/#organization\",\"name\":\"D\u012bv\u0101ni Nr. 1\",\"url\":\"https:\/\/divaninr1.lv\/ru\/\",\"logo\":{\"@type\":\"ImageObject\",\"inLanguage\":\"ru-RU\",\"@id\":\"https:\/\/divaninr1.lv\/ru\/#\/schema\/logo\/image\/\",\"url\":\"https:\/\/divaninr1.lv\/wp-content\/uploads\/logolv.svg\",\"contentUrl\":\"https:\/\/divaninr1.lv\/wp-content\/uploads\/logolv.svg\",\"width\":156,\"height\":21,\"caption\":\"D\u012bv\u0101ni Nr. 1\"},\"image\":{\"@id\":\"https:\/\/divaninr1.lv\/ru\/#\/schema\/logo\/image\/\"}}]}<\/script>\n<!-- \/ Yoast SEO plugin. -->","yoast_head_json":{"title":"PORTO Exclusive Green - D\u012bv\u0101ni Nr. 1","description":"Skaties pied\u0101v\u0101jumu ar pieg\u0101di R\u012bg\u0101 un Latvij\u0101 no DivaniNr1.","robots":{"index":"index","follow":"follow","max-snippet":"max-snippet:-1","max-image-preview":"max-image-preview:large","max-video-preview":"max-video-preview:-1"},"canonical":"https:\/\/divaninr1.lv\/ru\/produkts\/porto-exclusive-green\/","og_locale":"ru_RU","og_type":"article","og_title":"PORTO Exclusive Green - D\u012bv\u0101ni Nr. 1","og_description":"Skaties pied\u0101v\u0101jumu ar pieg\u0101di R\u012bg\u0101 un Latvij\u0101 no DivaniNr1.","og_url":"https:\/\/divaninr1.lv\/ru\/produkts\/porto-exclusive-green\/","og_site_name":"D\u012bv\u0101ni Nr. 1","og_image":[{"width":2560,"height":1707,"url":"https:\/\/divaninr1.lv\/wp-content\/uploads\/Divans13_1_0e6373a3c9-scaled.jpeg","type":"image\/jpeg"}],"twitter_card":"summary_large_image","twitter_misc":{"\u041f\u0440\u0438\u043c\u0435\u0440\u043d\u043e\u0435 \u0432\u0440\u0435\u043c\u044f \u0434\u043b\u044f \u0447\u0442\u0435\u043d\u0438\u044f":"1 \u043c\u0438\u043d\u0443\u0442\u0430"},"schema":{"@context":"https:\/\/schema.org","@graph":[{"@type":"WebPage","@id":"https:\/\/divaninr1.lv\/ru\/produkts\/porto-exclusive-green\/","url":"https:\/\/divaninr1.lv\/ru\/produkts\/porto-exclusive-green\/","name":"PORTO Exclusive Green - D\u012bv\u0101ni Nr. 1","isPartOf":{"@id":"https:\/\/divaninr1.lv\/ru\/#website"},"primaryImageOfPage":{"@id":"https:\/\/divaninr1.lv\/ru\/produkts\/porto-exclusive-green\/#primaryimage"},"image":{"@id":"https:\/\/divaninr1.lv\/ru\/produkts\/porto-exclusive-green\/#primaryimage"},"thumbnailUrl":"https:\/\/divaninr1.lv\/wp-content\/uploads\/Divans13_1_0e6373a3c9-scaled.jpeg","datePublished":"2025-08-22T14:11:47+00:00","description":"Skaties pied\u0101v\u0101jumu ar pieg\u0101di R\u012bg\u0101 un Latvij\u0101 no DivaniNr1.","breadcrumb":{"@id":"https:\/\/divaninr1.lv\/ru\/produkts\/porto-exclusive-green\/#breadcrumb"},"inLanguage":"ru-RU","potentialAction":[{"@type":"ReadAction","target":["https:\/\/divaninr1.lv\/ru\/produkts\/porto-exclusive-green\/"]}]},{"@type":"ImageObject","inLanguage":"ru-RU","@id":"https:\/\/divaninr1.lv\/ru\/produkts\/porto-exclusive-green\/#primaryimage","url":"https:\/\/divaninr1.lv\/wp-content\/uploads\/Divans13_1_0e6373a3c9-scaled.jpeg","contentUrl":"https:\/\/divaninr1.lv\/wp-content\/uploads\/Divans13_1_0e6373a3c9-scaled.jpeg","width":2560,"height":1707},{"@type":"BreadcrumbList","@id":"https:\/\/divaninr1.lv\/ru\/produkts\/porto-exclusive-green\/#breadcrumb","itemListElement":[{"@type":"ListItem","position":1,"name":"S\u0101kums","item":"https:\/\/divaninr1.lv\/ru\/"},{"@type":"ListItem","position":2,"name":"\u041c\u0430\u0433\u0430\u0437\u0438\u043d","item":"https:\/\/divaninr1.lv\/ru\/%d0%bc%d0%b0%d0%b3%d0%b0%d0%b7%d0%b8%d0%bd\/"},{"@type":"ListItem","position":3,"name":"PORTO Exclusive Green"}]},{"@type":"WebSite","@id":"https:\/\/divaninr1.lv\/ru\/#website","url":"https:\/\/divaninr1.lv\/ru\/","name":"D\u012bv\u0101ni Nr. 1","description":"","publisher":{"@id":"https:\/\/divaninr1.lv\/ru\/#organization"},"potentialAction":[{"@type":"SearchAction","target":{"@type":"EntryPoint","urlTemplate":"https:\/\/divaninr1.lv\/ru\/?s={search_term_string}"},"query-input":{"@type":"PropertyValueSpecification","valueRequired":true,"valueName":"search_term_string"}}],"inLanguage":"ru-RU"},{"@type":"Organization","@id":"https:\/\/divaninr1.lv\/ru\/#organization","name":"D\u012bv\u0101ni Nr. 1","url":"https:\/\/divaninr1.lv\/ru\/","logo":{"@type":"ImageObject","inLanguage":"ru-RU","@id":"https:\/\/divaninr1.lv\/ru\/#\/schema\/logo\/image\/","url":"https:\/\/divaninr1.lv\/wp-content\/uploads\/logolv.svg","contentUrl":"https:\/\/divaninr1.lv\/wp-content\/uploads\/logolv.svg","width":156,"height":21,"caption":"D\u012bv\u0101ni Nr. 1"},"image":{"@id":"https:\/\/divaninr1.lv\/ru\/#\/schema\/logo\/image\/"}}]}},"_links":{"self":[{"href":"https:\/\/divaninr1.lv\/ru\/wp-json\/wp\/v2\/product\/9726","targetHints":{"allow":["GET"]}}],"collection":[{"href":"https:\/\/divaninr1.lv\/ru\/wp-json\/wp\/v2\/product"}],"about":[{"href":"https:\/\/divaninr1.lv\/ru\/wp-json\/wp\/v2\/types\/product"}],"wp:featuredmedia":[{"embeddable":true,"href":"https:\/\/divaninr1.lv\/ru\/wp-json\/wp\/v2\/media\/9714"}],"wp:attachment":[{"href":"https:\/\/divaninr1.lv\/ru\/wp-json\/wp\/v2\/media?parent=9726"}],"wp:term":[{"taxonomy":"product_brand","embeddable":true,"href":"https:\/\/divaninr1.lv\/ru\/wp-json\/wp\/v2\/product_brand?post=9726"},{"taxonomy":"product_cat","embeddable":true,"href":"https:\/\/divaninr1.lv\/ru\/wp-json\/wp\/v2\/product_cat?post=9726"},{"taxonomy":"product_tag","embeddable":true,"href":"https:\/\/divaninr1.lv\/ru\/wp-json\/wp\/v2\/product_tag?post=9726"}],"curies":[{"name":"wp","href":"https:\/\/api.w.org\/{rel}","templated":true}]}}