{"id":9586,"date":"2025-08-14T13:48:09","date_gmt":"2025-08-14T11:48:09","guid":{"rendered":"https:\/\/divani1.webserveris.pro\/prece\/bilbao-soft-gray\/"},"modified":"2025-08-14T13:48:09","modified_gmt":"2025-08-14T11:48:09","slug":"bilbao-soft-gray","status":"publish","type":"product","link":"https:\/\/divaninr1.lv\/ru\/produkts\/bilbao-soft-gray\/","title":{"rendered":"BILBAO Soft Gray"},"content":{"rendered":"<p>AUDUMS<\/p>\n<p class=\"p1\">Jaun\u0101ko auduma tehnolo\u0123iju ra\u017eots samta audums, apvelt\u012bts ar dubulto \u0161\u0137iedru, kas nodro\u0161ina \u012bpa\u0161u notur\u012bbu un ilgm\u016b\u017e\u012bbu.<\/p>\n<p class=\"p1\">\ud83d\udccc Lielisks audums, ja m\u0101j\u0101s ir dz\u012bvnieki vai mazi b\u0113rni.<\/p>\n<p class=\"p1\">\ud83d\udccc Dz\u012bvnieku nagu dro\u0161s.<\/p>\n<p class=\"p1\">\ud83d\udccc \u013bOTI viegli kopjams un t\u012br\u0101ms.<\/p>\n<p class=\"p1\">\ud83d\udccc Iztur\u012bba pret nodilumu \ud83d\udccc 110&#8217;000 cikli. \u013boti maigs un pat\u012bkams \u0101dai.<\/p>\n<p class=\"p1\"><span class=\"s1\">\ud83d\udccc<\/span> P\u012blinga koeficients 5 (audumiem, kuriem nor\u0101d\u012bts koeficients 3 vai zem\u0101k, var b\u016bt risks uz \u0161\u0137iedras savel\u0161anos,<span class=\"Apple-converted-space\">\u00a0 <\/span>ieteicams izv\u0113l\u0113ties audumu ar koeficientu 4 vai 5)<\/p>\n<p>\u012aPA\u0160\u012aBAS<\/p>\n<p class=\"p1\">\ud83d\udccc Ir gulta gul\u0113\u0161anai.<\/p>\n<p class=\"p1\">\ud83d\udccc Viegli izvelkams.<\/p>\n<p class=\"p1\">\ud83d\udccc D\u012bv\u0101na korpuss ra\u017eots no mas\u012bvkoka.<\/p>\n<p class=\"p1\">\ud83d\udccc Matra\u010da pild\u012bjum\u0101 iestr\u0101d\u0101tas elast\u012bgas lateksa putu matracis, kas katram individu\u0101li ie\u0146em \u0137erme\u0146a formu,kas nodro\u0161ina ilgm\u016b\u017e\u012bbu un \u0113rtumu.<\/p>\n<p class=\"p1\"><span class=\"s1\">\ud83d\udccc<\/span> D\u012bv\u0101ns ir uz koka k\u0101j\u0101m, kas atvieglo gr\u012bdas kop\u0161anu un t\u012br\u012b\u0161anu.<\/p>\n","protected":false},"excerpt":{"rendered":"<p>AUDUMS Jaun\u0101ko auduma tehnolo\u0123iju ra\u017eots samta audums, apvelt\u012bts ar dubulto \u0161\u0137iedru, kas nodro\u0161ina \u012bpa\u0161u notur\u012bbu un ilgm\u016b\u017e\u012bbu. \ud83d\udccc Lielisks audums, ja m\u0101j\u0101s ir dz\u012bvnieki vai mazi b\u0113rni. \ud83d\udccc Dz\u012bvnieku nagu dro\u0161s. \ud83d\udccc \u013bOTI viegli kopjams un t\u012br\u0101ms. \ud83d\udccc Iztur\u012bba pret nodilumu \ud83d\udccc 110&#8217;000 cikli. \u013boti maigs un pat\u012bkams \u0101dai. \ud83d\udccc P\u012blinga koeficients 5 (audumiem, kuriem [&hellip;]<\/p>\n","protected":false},"featured_media":9580,"template":"","meta":{"_acf_changed":false,"inline_featured_image":false},"product_brand":[],"product_cat":[155],"product_tag":[],"class_list":{"0":"post-9586","1":"product","2":"type-product","3":"status-publish","4":"has-post-thumbnail","6":"product_cat-tkanivaji-divani","8":"first","9":"instock","10":"sale","11":"shipping-taxable","12":"purchasable","13":"product-type-simple"},"acf":[],"yoast_head":"<!-- This site is optimized with the Yoast SEO plugin v26.9 - https:\/\/yoast.com\/product\/yoast-seo-wordpress\/ -->\n<title>BILBAO Soft Gray - D\u012bv\u0101ni Nr. 1<\/title>\n<meta name=\"description\" content=\"Skaties pied\u0101v\u0101jumu ar pieg\u0101di R\u012bg\u0101 un Latvij\u0101 no DivaniNr1.\" \/>\n<meta name=\"robots\" content=\"index, follow, max-snippet:-1, max-image-preview:large, max-video-preview:-1\" \/>\n<link rel=\"canonical\" href=\"https:\/\/divaninr1.lv\/ru\/produkts\/bilbao-soft-gray\/\" \/>\n<meta property=\"og:locale\" content=\"ru_RU\" \/>\n<meta property=\"og:type\" content=\"article\" \/>\n<meta property=\"og:title\" content=\"BILBAO Soft Gray - D\u012bv\u0101ni Nr. 1\" \/>\n<meta property=\"og:description\" content=\"Skaties pied\u0101v\u0101jumu ar pieg\u0101di R\u012bg\u0101 un Latvij\u0101 no DivaniNr1.\" \/>\n<meta property=\"og:url\" content=\"https:\/\/divaninr1.lv\/ru\/produkts\/bilbao-soft-gray\/\" \/>\n<meta property=\"og:site_name\" content=\"D\u012bv\u0101ni Nr. 1\" \/>\n<meta property=\"og:image\" content=\"https:\/\/divaninr1.lv\/wp-content\/uploads\/Divans6_3_17885eae57-scaled.jpeg\" \/>\n\t<meta property=\"og:image:width\" content=\"2560\" \/>\n\t<meta property=\"og:image:height\" content=\"1707\" \/>\n\t<meta property=\"og:image:type\" content=\"image\/jpeg\" \/>\n<meta name=\"twitter:card\" content=\"summary_large_image\" \/>\n<meta name=\"twitter:label1\" content=\"\u041f\u0440\u0438\u043c\u0435\u0440\u043d\u043e\u0435 \u0432\u0440\u0435\u043c\u044f \u0434\u043b\u044f \u0447\u0442\u0435\u043d\u0438\u044f\" \/>\n\t<meta name=\"twitter:data1\" content=\"1 \u043c\u0438\u043d\u0443\u0442\u0430\" \/>\n<script type=\"application\/ld+json\" class=\"yoast-schema-graph\">{\"@context\":\"https:\/\/schema.org\",\"@graph\":[{\"@type\":\"WebPage\",\"@id\":\"https:\/\/divaninr1.lv\/ru\/produkts\/bilbao-soft-gray\/\",\"url\":\"https:\/\/divaninr1.lv\/ru\/produkts\/bilbao-soft-gray\/\",\"name\":\"BILBAO Soft Gray - D\u012bv\u0101ni Nr. 1\",\"isPartOf\":{\"@id\":\"https:\/\/divaninr1.lv\/ru\/#website\"},\"primaryImageOfPage\":{\"@id\":\"https:\/\/divaninr1.lv\/ru\/produkts\/bilbao-soft-gray\/#primaryimage\"},\"image\":{\"@id\":\"https:\/\/divaninr1.lv\/ru\/produkts\/bilbao-soft-gray\/#primaryimage\"},\"thumbnailUrl\":\"https:\/\/divaninr1.lv\/wp-content\/uploads\/Divans6_3_17885eae57-scaled.jpeg\",\"datePublished\":\"2025-08-14T11:48:09+00:00\",\"description\":\"Skaties pied\u0101v\u0101jumu ar pieg\u0101di R\u012bg\u0101 un Latvij\u0101 no DivaniNr1.\",\"breadcrumb\":{\"@id\":\"https:\/\/divaninr1.lv\/ru\/produkts\/bilbao-soft-gray\/#breadcrumb\"},\"inLanguage\":\"ru-RU\",\"potentialAction\":[{\"@type\":\"ReadAction\",\"target\":[\"https:\/\/divaninr1.lv\/ru\/produkts\/bilbao-soft-gray\/\"]}]},{\"@type\":\"ImageObject\",\"inLanguage\":\"ru-RU\",\"@id\":\"https:\/\/divaninr1.lv\/ru\/produkts\/bilbao-soft-gray\/#primaryimage\",\"url\":\"https:\/\/divaninr1.lv\/wp-content\/uploads\/Divans6_3_17885eae57-scaled.jpeg\",\"contentUrl\":\"https:\/\/divaninr1.lv\/wp-content\/uploads\/Divans6_3_17885eae57-scaled.jpeg\",\"width\":2560,\"height\":1707},{\"@type\":\"BreadcrumbList\",\"@id\":\"https:\/\/divaninr1.lv\/ru\/produkts\/bilbao-soft-gray\/#breadcrumb\",\"itemListElement\":[{\"@type\":\"ListItem\",\"position\":1,\"name\":\"S\u0101kums\",\"item\":\"https:\/\/divaninr1.lv\/ru\/\"},{\"@type\":\"ListItem\",\"position\":2,\"name\":\"\u041c\u0430\u0433\u0430\u0437\u0438\u043d\",\"item\":\"https:\/\/divaninr1.lv\/ru\/%d0%bc%d0%b0%d0%b3%d0%b0%d0%b7%d0%b8%d0%bd\/\"},{\"@type\":\"ListItem\",\"position\":3,\"name\":\"BILBAO Soft Gray\"}]},{\"@type\":\"WebSite\",\"@id\":\"https:\/\/divaninr1.lv\/ru\/#website\",\"url\":\"https:\/\/divaninr1.lv\/ru\/\",\"name\":\"D\u012bv\u0101ni Nr. 1\",\"description\":\"\",\"publisher\":{\"@id\":\"https:\/\/divaninr1.lv\/ru\/#organization\"},\"potentialAction\":[{\"@type\":\"SearchAction\",\"target\":{\"@type\":\"EntryPoint\",\"urlTemplate\":\"https:\/\/divaninr1.lv\/ru\/?s={search_term_string}\"},\"query-input\":{\"@type\":\"PropertyValueSpecification\",\"valueRequired\":true,\"valueName\":\"search_term_string\"}}],\"inLanguage\":\"ru-RU\"},{\"@type\":\"Organization\",\"@id\":\"https:\/\/divaninr1.lv\/ru\/#organization\",\"name\":\"D\u012bv\u0101ni Nr. 1\",\"url\":\"https:\/\/divaninr1.lv\/ru\/\",\"logo\":{\"@type\":\"ImageObject\",\"inLanguage\":\"ru-RU\",\"@id\":\"https:\/\/divaninr1.lv\/ru\/#\/schema\/logo\/image\/\",\"url\":\"https:\/\/divaninr1.lv\/wp-content\/uploads\/logolv.svg\",\"contentUrl\":\"https:\/\/divaninr1.lv\/wp-content\/uploads\/logolv.svg\",\"width\":156,\"height\":21,\"caption\":\"D\u012bv\u0101ni Nr. 1\"},\"image\":{\"@id\":\"https:\/\/divaninr1.lv\/ru\/#\/schema\/logo\/image\/\"}}]}<\/script>\n<!-- \/ Yoast SEO plugin. -->","yoast_head_json":{"title":"BILBAO Soft Gray - D\u012bv\u0101ni Nr. 1","description":"Skaties pied\u0101v\u0101jumu ar pieg\u0101di R\u012bg\u0101 un Latvij\u0101 no DivaniNr1.","robots":{"index":"index","follow":"follow","max-snippet":"max-snippet:-1","max-image-preview":"max-image-preview:large","max-video-preview":"max-video-preview:-1"},"canonical":"https:\/\/divaninr1.lv\/ru\/produkts\/bilbao-soft-gray\/","og_locale":"ru_RU","og_type":"article","og_title":"BILBAO Soft Gray - D\u012bv\u0101ni Nr. 1","og_description":"Skaties pied\u0101v\u0101jumu ar pieg\u0101di R\u012bg\u0101 un Latvij\u0101 no DivaniNr1.","og_url":"https:\/\/divaninr1.lv\/ru\/produkts\/bilbao-soft-gray\/","og_site_name":"D\u012bv\u0101ni Nr. 1","og_image":[{"width":2560,"height":1707,"url":"https:\/\/divaninr1.lv\/wp-content\/uploads\/Divans6_3_17885eae57-scaled.jpeg","type":"image\/jpeg"}],"twitter_card":"summary_large_image","twitter_misc":{"\u041f\u0440\u0438\u043c\u0435\u0440\u043d\u043e\u0435 \u0432\u0440\u0435\u043c\u044f \u0434\u043b\u044f \u0447\u0442\u0435\u043d\u0438\u044f":"1 \u043c\u0438\u043d\u0443\u0442\u0430"},"schema":{"@context":"https:\/\/schema.org","@graph":[{"@type":"WebPage","@id":"https:\/\/divaninr1.lv\/ru\/produkts\/bilbao-soft-gray\/","url":"https:\/\/divaninr1.lv\/ru\/produkts\/bilbao-soft-gray\/","name":"BILBAO Soft Gray - D\u012bv\u0101ni Nr. 1","isPartOf":{"@id":"https:\/\/divaninr1.lv\/ru\/#website"},"primaryImageOfPage":{"@id":"https:\/\/divaninr1.lv\/ru\/produkts\/bilbao-soft-gray\/#primaryimage"},"image":{"@id":"https:\/\/divaninr1.lv\/ru\/produkts\/bilbao-soft-gray\/#primaryimage"},"thumbnailUrl":"https:\/\/divaninr1.lv\/wp-content\/uploads\/Divans6_3_17885eae57-scaled.jpeg","datePublished":"2025-08-14T11:48:09+00:00","description":"Skaties pied\u0101v\u0101jumu ar pieg\u0101di R\u012bg\u0101 un Latvij\u0101 no DivaniNr1.","breadcrumb":{"@id":"https:\/\/divaninr1.lv\/ru\/produkts\/bilbao-soft-gray\/#breadcrumb"},"inLanguage":"ru-RU","potentialAction":[{"@type":"ReadAction","target":["https:\/\/divaninr1.lv\/ru\/produkts\/bilbao-soft-gray\/"]}]},{"@type":"ImageObject","inLanguage":"ru-RU","@id":"https:\/\/divaninr1.lv\/ru\/produkts\/bilbao-soft-gray\/#primaryimage","url":"https:\/\/divaninr1.lv\/wp-content\/uploads\/Divans6_3_17885eae57-scaled.jpeg","contentUrl":"https:\/\/divaninr1.lv\/wp-content\/uploads\/Divans6_3_17885eae57-scaled.jpeg","width":2560,"height":1707},{"@type":"BreadcrumbList","@id":"https:\/\/divaninr1.lv\/ru\/produkts\/bilbao-soft-gray\/#breadcrumb","itemListElement":[{"@type":"ListItem","position":1,"name":"S\u0101kums","item":"https:\/\/divaninr1.lv\/ru\/"},{"@type":"ListItem","position":2,"name":"\u041c\u0430\u0433\u0430\u0437\u0438\u043d","item":"https:\/\/divaninr1.lv\/ru\/%d0%bc%d0%b0%d0%b3%d0%b0%d0%b7%d0%b8%d0%bd\/"},{"@type":"ListItem","position":3,"name":"BILBAO Soft Gray"}]},{"@type":"WebSite","@id":"https:\/\/divaninr1.lv\/ru\/#website","url":"https:\/\/divaninr1.lv\/ru\/","name":"D\u012bv\u0101ni Nr. 1","description":"","publisher":{"@id":"https:\/\/divaninr1.lv\/ru\/#organization"},"potentialAction":[{"@type":"SearchAction","target":{"@type":"EntryPoint","urlTemplate":"https:\/\/divaninr1.lv\/ru\/?s={search_term_string}"},"query-input":{"@type":"PropertyValueSpecification","valueRequired":true,"valueName":"search_term_string"}}],"inLanguage":"ru-RU"},{"@type":"Organization","@id":"https:\/\/divaninr1.lv\/ru\/#organization","name":"D\u012bv\u0101ni Nr. 1","url":"https:\/\/divaninr1.lv\/ru\/","logo":{"@type":"ImageObject","inLanguage":"ru-RU","@id":"https:\/\/divaninr1.lv\/ru\/#\/schema\/logo\/image\/","url":"https:\/\/divaninr1.lv\/wp-content\/uploads\/logolv.svg","contentUrl":"https:\/\/divaninr1.lv\/wp-content\/uploads\/logolv.svg","width":156,"height":21,"caption":"D\u012bv\u0101ni Nr. 1"},"image":{"@id":"https:\/\/divaninr1.lv\/ru\/#\/schema\/logo\/image\/"}}]}},"_links":{"self":[{"href":"https:\/\/divaninr1.lv\/ru\/wp-json\/wp\/v2\/product\/9586","targetHints":{"allow":["GET"]}}],"collection":[{"href":"https:\/\/divaninr1.lv\/ru\/wp-json\/wp\/v2\/product"}],"about":[{"href":"https:\/\/divaninr1.lv\/ru\/wp-json\/wp\/v2\/types\/product"}],"wp:featuredmedia":[{"embeddable":true,"href":"https:\/\/divaninr1.lv\/ru\/wp-json\/wp\/v2\/media\/9580"}],"wp:attachment":[{"href":"https:\/\/divaninr1.lv\/ru\/wp-json\/wp\/v2\/media?parent=9586"}],"wp:term":[{"taxonomy":"product_brand","embeddable":true,"href":"https:\/\/divaninr1.lv\/ru\/wp-json\/wp\/v2\/product_brand?post=9586"},{"taxonomy":"product_cat","embeddable":true,"href":"https:\/\/divaninr1.lv\/ru\/wp-json\/wp\/v2\/product_cat?post=9586"},{"taxonomy":"product_tag","embeddable":true,"href":"https:\/\/divaninr1.lv\/ru\/wp-json\/wp\/v2\/product_tag?post=9586"}],"curies":[{"name":"wp","href":"https:\/\/api.w.org\/{rel}","templated":true}]}}