{"id":9432,"date":"2025-08-13T16:18:35","date_gmt":"2025-08-13T14:18:35","guid":{"rendered":"https:\/\/divani1.webserveris.pro\/prece\/monro-lux-cappuccino\/"},"modified":"2025-12-09T11:37:38","modified_gmt":"2025-12-09T09:37:38","slug":"monro-lux-cappuccino","status":"publish","type":"product","link":"https:\/\/divaninr1.lv\/ru\/produkts\/monro-lux-cappuccino\/","title":{"rendered":"MONRO Lux Cappuccino"},"content":{"rendered":"<p>AUDUMS<\/p>\n<p class=\"p1\">\ud83d\udccc Premium klases vel\u016bra audums ar iestr\u0101d\u0101tu &#171;SMART&#187; funkciju. &#171;Microfiber&#187; \u0161\u0137iedra nodro\u0161ina audumam \u012bpa\u0161u notur\u012bbu un ilgm\u016b\u017e\u012bbu.<\/p>\n<p class=\"p1\">\ud83d\udccc Audums ir &#187;EASY CLEAN&#187; \ud83d\udccc \u013bOTI viegli kopjams un t\u012br\u0101ms!<\/p>\n<p class=\"p1\">\ud83d\udccc Audums ir dz\u012bvnieku nagu dro\u0161s.<\/p>\n<p class=\"p1\">\ud83d\udccc Lielisks audums, ja m\u0101j\u0101s ir dz\u012bvnieki vai mazi b\u0113rni.<\/p>\n<p class=\"p1\">\ud83d\udccc Iztur\u012bba pret nodilumu \ud83d\udccc 115&#8217;000 cikli.<\/p>\n<p class=\"p1\">\ud83d\udccc P\u012blinga koeficients 5 (audumiem, kuriem nor\u0101d\u012bts koeficients 3 vai zem\u0101k, var b\u016bt risks uz \u0161\u0137iedras savel\u0161anos,<span class=\"Apple-converted-space\">\u00a0 <\/span>ieteicams izv\u0113l\u0113ties audumu ar koeficientu 4 vai 5).<\/p>\n<p class=\"p1\"><span class=\"s1\">\ud83d\udccc<\/span> \u013boti maigs un pat\u012bkams \u0101dai.<\/p>\n<p>&nbsp;<\/p>\n<p>\u012aPA\u0160\u012aBAS<\/p>\n<p>\ud83d\udccc \u013boti pla\u0161a ve\u013caskaste. \ud83d\udccc R\u0101mja aug\u0161puse ir no met\u0101la, nodro\u0161inot korpusa ilgm\u016b\u017e\u012bbu. \ud83d\udccc Ve\u013cas kaste atveras ar hidrauliskajiem meh\u0101nismiem, \u013caujot to viegl\u0101k pacelt. \ud83d\udccc Gultas r\u0101mis un galvgalis ir no mas\u012bvkoka. \ud83d\udccc Gultas r\u0101mis un galvgalis polster\u0113ts ar profesion\u0101laj\u0101m m\u012bksto m\u0113b\u0113\u013cu put\u0101m.<\/p>\n","protected":false},"excerpt":{"rendered":"<p>AUDUMS \ud83d\udccc Premium klases vel\u016bra audums ar iestr\u0101d\u0101tu &#171;SMART&#187; funkciju. &#171;Microfiber&#187; \u0161\u0137iedra nodro\u0161ina audumam \u012bpa\u0161u notur\u012bbu un ilgm\u016b\u017e\u012bbu. \ud83d\udccc Audums ir &#187;EASY CLEAN&#187; \ud83d\udccc \u013bOTI viegli kopjams un t\u012br\u0101ms! \ud83d\udccc Audums ir dz\u012bvnieku nagu dro\u0161s. \ud83d\udccc Lielisks audums, ja m\u0101j\u0101s ir dz\u012bvnieki vai mazi b\u0113rni. \ud83d\udccc Iztur\u012bba pret nodilumu \ud83d\udccc 115&#8217;000 cikli. \ud83d\udccc P\u012blinga koeficients [&hellip;]<\/p>\n","protected":false},"featured_media":9427,"template":"","meta":{"_acf_changed":false,"inline_featured_image":false},"product_brand":[],"product_cat":[156],"product_tag":[],"class_list":{"0":"post-9432","1":"product","2":"type-product","3":"status-publish","4":"has-post-thumbnail","6":"product_cat-krovati","8":"first","9":"instock","10":"sale","11":"shipping-taxable","12":"purchasable","13":"product-type-variable"},"acf":[],"yoast_head":"<!-- This site is optimized with the Yoast SEO plugin v26.9 - https:\/\/yoast.com\/product\/yoast-seo-wordpress\/ -->\n<title>MONRO Lux Cappuccino - D\u012bv\u0101ni Nr. 1<\/title>\n<meta name=\"description\" content=\"Skaties pied\u0101v\u0101jumu ar pieg\u0101di R\u012bg\u0101 un Latvij\u0101 no DivaniNr1.\" \/>\n<meta name=\"robots\" content=\"index, follow, max-snippet:-1, max-image-preview:large, max-video-preview:-1\" \/>\n<link rel=\"canonical\" href=\"https:\/\/divaninr1.lv\/ru\/produkts\/monro-lux-cappuccino\/\" \/>\n<meta property=\"og:locale\" content=\"ru_RU\" \/>\n<meta property=\"og:type\" content=\"article\" \/>\n<meta property=\"og:title\" content=\"MONRO Lux Cappuccino - D\u012bv\u0101ni Nr. 1\" \/>\n<meta property=\"og:description\" content=\"Skaties pied\u0101v\u0101jumu ar pieg\u0101di R\u012bg\u0101 un Latvij\u0101 no DivaniNr1.\" \/>\n<meta property=\"og:url\" content=\"https:\/\/divaninr1.lv\/ru\/produkts\/monro-lux-cappuccino\/\" \/>\n<meta property=\"og:site_name\" content=\"D\u012bv\u0101ni Nr. 1\" \/>\n<meta property=\"article:modified_time\" content=\"2025-12-09T09:37:38+00:00\" \/>\n<meta property=\"og:image\" content=\"https:\/\/divaninr1.lv\/wp-content\/uploads\/Monro_1_f52d957427.jpeg\" \/>\n\t<meta property=\"og:image:width\" content=\"750\" \/>\n\t<meta property=\"og:image:height\" content=\"500\" \/>\n\t<meta property=\"og:image:type\" content=\"image\/jpeg\" \/>\n<meta name=\"twitter:card\" content=\"summary_large_image\" \/>\n<meta name=\"twitter:label1\" content=\"\u041f\u0440\u0438\u043c\u0435\u0440\u043d\u043e\u0435 \u0432\u0440\u0435\u043c\u044f \u0434\u043b\u044f \u0447\u0442\u0435\u043d\u0438\u044f\" \/>\n\t<meta name=\"twitter:data1\" content=\"1 \u043c\u0438\u043d\u0443\u0442\u0430\" \/>\n<script type=\"application\/ld+json\" class=\"yoast-schema-graph\">{\"@context\":\"https:\/\/schema.org\",\"@graph\":[{\"@type\":\"WebPage\",\"@id\":\"https:\/\/divaninr1.lv\/ru\/produkts\/monro-lux-cappuccino\/\",\"url\":\"https:\/\/divaninr1.lv\/ru\/produkts\/monro-lux-cappuccino\/\",\"name\":\"MONRO Lux Cappuccino - D\u012bv\u0101ni Nr. 1\",\"isPartOf\":{\"@id\":\"https:\/\/divaninr1.lv\/ru\/#website\"},\"primaryImageOfPage\":{\"@id\":\"https:\/\/divaninr1.lv\/ru\/produkts\/monro-lux-cappuccino\/#primaryimage\"},\"image\":{\"@id\":\"https:\/\/divaninr1.lv\/ru\/produkts\/monro-lux-cappuccino\/#primaryimage\"},\"thumbnailUrl\":\"https:\/\/divaninr1.lv\/wp-content\/uploads\/Monro_1_f52d957427.jpeg\",\"datePublished\":\"2025-08-13T14:18:35+00:00\",\"dateModified\":\"2025-12-09T09:37:38+00:00\",\"description\":\"Skaties pied\u0101v\u0101jumu ar pieg\u0101di R\u012bg\u0101 un Latvij\u0101 no DivaniNr1.\",\"breadcrumb\":{\"@id\":\"https:\/\/divaninr1.lv\/ru\/produkts\/monro-lux-cappuccino\/#breadcrumb\"},\"inLanguage\":\"ru-RU\",\"potentialAction\":[{\"@type\":\"ReadAction\",\"target\":[\"https:\/\/divaninr1.lv\/ru\/produkts\/monro-lux-cappuccino\/\"]}]},{\"@type\":\"ImageObject\",\"inLanguage\":\"ru-RU\",\"@id\":\"https:\/\/divaninr1.lv\/ru\/produkts\/monro-lux-cappuccino\/#primaryimage\",\"url\":\"https:\/\/divaninr1.lv\/wp-content\/uploads\/Monro_1_f52d957427.jpeg\",\"contentUrl\":\"https:\/\/divaninr1.lv\/wp-content\/uploads\/Monro_1_f52d957427.jpeg\",\"width\":750,\"height\":500},{\"@type\":\"BreadcrumbList\",\"@id\":\"https:\/\/divaninr1.lv\/ru\/produkts\/monro-lux-cappuccino\/#breadcrumb\",\"itemListElement\":[{\"@type\":\"ListItem\",\"position\":1,\"name\":\"S\u0101kums\",\"item\":\"https:\/\/divaninr1.lv\/ru\/\"},{\"@type\":\"ListItem\",\"position\":2,\"name\":\"\u041c\u0430\u0433\u0430\u0437\u0438\u043d\",\"item\":\"https:\/\/divaninr1.lv\/ru\/%d0%bc%d0%b0%d0%b3%d0%b0%d0%b7%d0%b8%d0%bd\/\"},{\"@type\":\"ListItem\",\"position\":3,\"name\":\"MONRO Lux Cappuccino\"}]},{\"@type\":\"WebSite\",\"@id\":\"https:\/\/divaninr1.lv\/ru\/#website\",\"url\":\"https:\/\/divaninr1.lv\/ru\/\",\"name\":\"D\u012bv\u0101ni Nr. 1\",\"description\":\"\",\"publisher\":{\"@id\":\"https:\/\/divaninr1.lv\/ru\/#organization\"},\"potentialAction\":[{\"@type\":\"SearchAction\",\"target\":{\"@type\":\"EntryPoint\",\"urlTemplate\":\"https:\/\/divaninr1.lv\/ru\/?s={search_term_string}\"},\"query-input\":{\"@type\":\"PropertyValueSpecification\",\"valueRequired\":true,\"valueName\":\"search_term_string\"}}],\"inLanguage\":\"ru-RU\"},{\"@type\":\"Organization\",\"@id\":\"https:\/\/divaninr1.lv\/ru\/#organization\",\"name\":\"D\u012bv\u0101ni Nr. 1\",\"url\":\"https:\/\/divaninr1.lv\/ru\/\",\"logo\":{\"@type\":\"ImageObject\",\"inLanguage\":\"ru-RU\",\"@id\":\"https:\/\/divaninr1.lv\/ru\/#\/schema\/logo\/image\/\",\"url\":\"https:\/\/divaninr1.lv\/wp-content\/uploads\/logolv.svg\",\"contentUrl\":\"https:\/\/divaninr1.lv\/wp-content\/uploads\/logolv.svg\",\"width\":156,\"height\":21,\"caption\":\"D\u012bv\u0101ni Nr. 1\"},\"image\":{\"@id\":\"https:\/\/divaninr1.lv\/ru\/#\/schema\/logo\/image\/\"}}]}<\/script>\n<!-- \/ Yoast SEO plugin. -->","yoast_head_json":{"title":"MONRO Lux Cappuccino - D\u012bv\u0101ni Nr. 1","description":"Skaties pied\u0101v\u0101jumu ar pieg\u0101di R\u012bg\u0101 un Latvij\u0101 no DivaniNr1.","robots":{"index":"index","follow":"follow","max-snippet":"max-snippet:-1","max-image-preview":"max-image-preview:large","max-video-preview":"max-video-preview:-1"},"canonical":"https:\/\/divaninr1.lv\/ru\/produkts\/monro-lux-cappuccino\/","og_locale":"ru_RU","og_type":"article","og_title":"MONRO Lux Cappuccino - D\u012bv\u0101ni Nr. 1","og_description":"Skaties pied\u0101v\u0101jumu ar pieg\u0101di R\u012bg\u0101 un Latvij\u0101 no DivaniNr1.","og_url":"https:\/\/divaninr1.lv\/ru\/produkts\/monro-lux-cappuccino\/","og_site_name":"D\u012bv\u0101ni Nr. 1","article_modified_time":"2025-12-09T09:37:38+00:00","og_image":[{"width":750,"height":500,"url":"https:\/\/divaninr1.lv\/wp-content\/uploads\/Monro_1_f52d957427.jpeg","type":"image\/jpeg"}],"twitter_card":"summary_large_image","twitter_misc":{"\u041f\u0440\u0438\u043c\u0435\u0440\u043d\u043e\u0435 \u0432\u0440\u0435\u043c\u044f \u0434\u043b\u044f \u0447\u0442\u0435\u043d\u0438\u044f":"1 \u043c\u0438\u043d\u0443\u0442\u0430"},"schema":{"@context":"https:\/\/schema.org","@graph":[{"@type":"WebPage","@id":"https:\/\/divaninr1.lv\/ru\/produkts\/monro-lux-cappuccino\/","url":"https:\/\/divaninr1.lv\/ru\/produkts\/monro-lux-cappuccino\/","name":"MONRO Lux Cappuccino - D\u012bv\u0101ni Nr. 1","isPartOf":{"@id":"https:\/\/divaninr1.lv\/ru\/#website"},"primaryImageOfPage":{"@id":"https:\/\/divaninr1.lv\/ru\/produkts\/monro-lux-cappuccino\/#primaryimage"},"image":{"@id":"https:\/\/divaninr1.lv\/ru\/produkts\/monro-lux-cappuccino\/#primaryimage"},"thumbnailUrl":"https:\/\/divaninr1.lv\/wp-content\/uploads\/Monro_1_f52d957427.jpeg","datePublished":"2025-08-13T14:18:35+00:00","dateModified":"2025-12-09T09:37:38+00:00","description":"Skaties pied\u0101v\u0101jumu ar pieg\u0101di R\u012bg\u0101 un Latvij\u0101 no DivaniNr1.","breadcrumb":{"@id":"https:\/\/divaninr1.lv\/ru\/produkts\/monro-lux-cappuccino\/#breadcrumb"},"inLanguage":"ru-RU","potentialAction":[{"@type":"ReadAction","target":["https:\/\/divaninr1.lv\/ru\/produkts\/monro-lux-cappuccino\/"]}]},{"@type":"ImageObject","inLanguage":"ru-RU","@id":"https:\/\/divaninr1.lv\/ru\/produkts\/monro-lux-cappuccino\/#primaryimage","url":"https:\/\/divaninr1.lv\/wp-content\/uploads\/Monro_1_f52d957427.jpeg","contentUrl":"https:\/\/divaninr1.lv\/wp-content\/uploads\/Monro_1_f52d957427.jpeg","width":750,"height":500},{"@type":"BreadcrumbList","@id":"https:\/\/divaninr1.lv\/ru\/produkts\/monro-lux-cappuccino\/#breadcrumb","itemListElement":[{"@type":"ListItem","position":1,"name":"S\u0101kums","item":"https:\/\/divaninr1.lv\/ru\/"},{"@type":"ListItem","position":2,"name":"\u041c\u0430\u0433\u0430\u0437\u0438\u043d","item":"https:\/\/divaninr1.lv\/ru\/%d0%bc%d0%b0%d0%b3%d0%b0%d0%b7%d0%b8%d0%bd\/"},{"@type":"ListItem","position":3,"name":"MONRO Lux Cappuccino"}]},{"@type":"WebSite","@id":"https:\/\/divaninr1.lv\/ru\/#website","url":"https:\/\/divaninr1.lv\/ru\/","name":"D\u012bv\u0101ni Nr. 1","description":"","publisher":{"@id":"https:\/\/divaninr1.lv\/ru\/#organization"},"potentialAction":[{"@type":"SearchAction","target":{"@type":"EntryPoint","urlTemplate":"https:\/\/divaninr1.lv\/ru\/?s={search_term_string}"},"query-input":{"@type":"PropertyValueSpecification","valueRequired":true,"valueName":"search_term_string"}}],"inLanguage":"ru-RU"},{"@type":"Organization","@id":"https:\/\/divaninr1.lv\/ru\/#organization","name":"D\u012bv\u0101ni Nr. 1","url":"https:\/\/divaninr1.lv\/ru\/","logo":{"@type":"ImageObject","inLanguage":"ru-RU","@id":"https:\/\/divaninr1.lv\/ru\/#\/schema\/logo\/image\/","url":"https:\/\/divaninr1.lv\/wp-content\/uploads\/logolv.svg","contentUrl":"https:\/\/divaninr1.lv\/wp-content\/uploads\/logolv.svg","width":156,"height":21,"caption":"D\u012bv\u0101ni Nr. 1"},"image":{"@id":"https:\/\/divaninr1.lv\/ru\/#\/schema\/logo\/image\/"}}]}},"_links":{"self":[{"href":"https:\/\/divaninr1.lv\/ru\/wp-json\/wp\/v2\/product\/9432","targetHints":{"allow":["GET"]}}],"collection":[{"href":"https:\/\/divaninr1.lv\/ru\/wp-json\/wp\/v2\/product"}],"about":[{"href":"https:\/\/divaninr1.lv\/ru\/wp-json\/wp\/v2\/types\/product"}],"wp:featuredmedia":[{"embeddable":true,"href":"https:\/\/divaninr1.lv\/ru\/wp-json\/wp\/v2\/media\/9427"}],"wp:attachment":[{"href":"https:\/\/divaninr1.lv\/ru\/wp-json\/wp\/v2\/media?parent=9432"}],"wp:term":[{"taxonomy":"product_brand","embeddable":true,"href":"https:\/\/divaninr1.lv\/ru\/wp-json\/wp\/v2\/product_brand?post=9432"},{"taxonomy":"product_cat","embeddable":true,"href":"https:\/\/divaninr1.lv\/ru\/wp-json\/wp\/v2\/product_cat?post=9432"},{"taxonomy":"product_tag","embeddable":true,"href":"https:\/\/divaninr1.lv\/ru\/wp-json\/wp\/v2\/product_tag?post=9432"}],"curies":[{"name":"wp","href":"https:\/\/api.w.org\/{rel}","templated":true}]}}